{"id":1448,"date":"2025-11-06T12:23:52","date_gmt":"2025-11-06T12:23:52","guid":{"rendered":"https:\/\/www.in-ura.com\/inura\/home\/"},"modified":"2025-11-24T10:24:01","modified_gmt":"2025-11-24T10:24:01","slug":"home","status":"publish","type":"page","link":"https:\/\/www.in-ura.com\/en\/","title":{"rendered":"Home"},"content":{"rendered":"<div data-elementor-type=\"wp-page\" data-elementor-id=\"1448\" class=\"elementor elementor-1448\" data-elementor-settings=\"{&quot;ha_cmc_init_switcher&quot;:&quot;no&quot;}\" data-elementor-post-type=\"page\">\n\t\t\t\t<div class=\"elementor-element elementor-element-0e27bbc e-con-full e-flex e-con e-parent\" data-id=\"0e27bbc\" data-element_type=\"container\" data-e-type=\"container\" data-settings=\"{&quot;_ha_eqh_enable&quot;:false}\">\n\t\t\t\t<div class=\"elementor-element elementor-element-cfc4fab elementor--h-position-center elementor--v-position-middle elementor-pagination-position-inside elementor-widget elementor-widget-slides\" data-id=\"cfc4fab\" data-element_type=\"widget\" data-e-type=\"widget\" data-settings=\"{&quot;navigation&quot;:&quot;dots&quot;,&quot;transition&quot;:&quot;fade&quot;,&quot;transition_speed&quot;:2000,&quot;autoplay_speed&quot;:3000,&quot;autoplay&quot;:&quot;yes&quot;,&quot;infinite&quot;:&quot;yes&quot;}\" data-widget_type=\"slides.default\">\n\t\t\t\t<div class=\"elementor-widget-container\">\n\t\t\t\t\t\t\t\t\t<div class=\"elementor-swiper\">\n\t\t\t\t\t<div class=\"elementor-slides-wrapper elementor-main-swiper swiper\" role=\"region\" aria-roledescription=\"carousel\" aria-label=\"Slides\" dir=\"ltr\" data-animation=\"zoomIn\">\n\t\t\t\t<div class=\"swiper-wrapper elementor-slides\">\n\t\t\t\t\t\t\t\t\t\t<div class=\"elementor-repeater-item-36cc428 swiper-slide\" role=\"group\" aria-roledescription=\"slide\"><div class=\"swiper-slide-bg\" role=\"img\" aria-label=\"inura - imagen de portada\"><\/div><div class=\"swiper-slide-inner\" ><div class=\"swiper-slide-contents\"><\/div><\/div><\/div><div class=\"elementor-repeater-item-e43ff09 swiper-slide\" role=\"group\" aria-roledescription=\"slide\"><div class=\"swiper-slide-bg\" role=\"img\" aria-label=\"inura - imagen de portada\"><\/div><div class=\"swiper-slide-inner\" ><div class=\"swiper-slide-contents\"><\/div><\/div><\/div><div class=\"elementor-repeater-item-8187d48 swiper-slide\" role=\"group\" aria-roledescription=\"slide\"><div class=\"swiper-slide-bg\" role=\"img\" aria-label=\"inura - imagen de portada\"><\/div><div class=\"swiper-slide-inner\" ><div class=\"swiper-slide-contents\"><\/div><\/div><\/div><div class=\"elementor-repeater-item-939ee18 swiper-slide\" role=\"group\" aria-roledescription=\"slide\"><div class=\"swiper-slide-bg\" role=\"img\" aria-label=\"inura - imagen de portada\"><\/div><div class=\"swiper-slide-inner\" ><div class=\"swiper-slide-contents\"><\/div><\/div><\/div><div class=\"elementor-repeater-item-5d02618 swiper-slide\" role=\"group\" aria-roledescription=\"slide\"><div class=\"swiper-slide-bg elementor-ken-burns elementor-ken-burns--in\" role=\"img\" aria-label=\"inura - imagen de portada\"><\/div><div class=\"swiper-slide-inner\" ><div class=\"swiper-slide-contents\"><\/div><\/div><\/div><div class=\"elementor-repeater-item-ceb8873 swiper-slide\" role=\"group\" aria-roledescription=\"slide\"><div class=\"swiper-slide-bg\" role=\"img\" aria-label=\"inura - imagen de portada\"><\/div><div class=\"swiper-slide-inner\" ><div class=\"swiper-slide-contents\"><\/div><\/div><\/div>\t\t\t\t<\/div>\n\t\t\t\t\t\t\t\t\t\t\t\t\t\t\t\t\t\t\t\t<div class=\"swiper-pagination\"><\/div>\n\t\t\t\t\t\t\t\t\t\t\t\t<\/div>\n\t\t\t\t<\/div>\n\t\t\t\t\t\t\t\t<\/div>\n\t\t\t\t<\/div>\n\t\t\t\t<\/div>\n\t\t\t\t<\/div>","protected":false},"excerpt":{"rendered":"","protected":false},"author":1,"featured_media":2085,"parent":0,"menu_order":0,"comment_status":"closed","ping_status":"closed","template":"","meta":{"_monsterinsights_skip_tracking":false,"_monsterinsights_sitenote_active":false,"_monsterinsights_sitenote_note":"","_monsterinsights_sitenote_category":0,"site-sidebar-layout":"no-sidebar","site-content-layout":"page-builder","ast-site-content-layout":"full-width-container","site-content-style":"unboxed","site-sidebar-style":"unboxed","ast-global-header-display":"","ast-banner-title-visibility":"","ast-main-header-display":"","ast-hfb-above-header-display":"","ast-hfb-below-header-display":"","ast-hfb-mobile-header-display":"","site-post-title":"disabled","ast-breadcrumbs-content":"","ast-featured-img":"disabled","footer-sml-layout":"","ast-disable-related-posts":"","theme-transparent-header-meta":"enabled","adv-header-id-meta":"","stick-header-meta":"","header-above-stick-meta":"","header-main-stick-meta":"","header-below-stick-meta":"","astra-migrate-meta-layouts":"set","ast-page-background-enabled":"default","ast-page-background-meta":{"desktop":{"background-color":"var(--ast-global-color-4)","background-image":"","background-repeat":"repeat","background-position":"center center","background-size":"auto","background-attachment":"scroll","background-type":"","background-media":"","overlay-type":"","overlay-color":"","overlay-opacity":"","overlay-gradient":""},"tablet":{"background-color":"","background-image":"","background-repeat":"repeat","background-position":"center center","background-size":"auto","background-attachment":"scroll","background-type":"","background-media":"","overlay-type":"","overlay-color":"","overlay-opacity":"","overlay-gradient":""},"mobile":{"background-color":"","background-image":"","background-repeat":"repeat","background-position":"center center","background-size":"auto","background-attachment":"scroll","background-type":"","background-media":"","overlay-type":"","overlay-color":"","overlay-opacity":"","overlay-gradient":""}},"ast-content-background-meta":{"desktop":{"background-color":"var(--ast-global-color-5)","background-image":"","background-repeat":"repeat","background-position":"center center","background-size":"auto","background-attachment":"scroll","background-type":"","background-media":"","overlay-type":"","overlay-color":"","overlay-opacity":"","overlay-gradient":""},"tablet":{"background-color":"var(--ast-global-color-5)","background-image":"","background-repeat":"repeat","background-position":"center center","background-size":"auto","background-attachment":"scroll","background-type":"","background-media":"","overlay-type":"","overlay-color":"","overlay-opacity":"","overlay-gradient":""},"mobile":{"background-color":"var(--ast-global-color-5)","background-image":"","background-repeat":"repeat","background-position":"center center","background-size":"auto","background-attachment":"scroll","background-type":"","background-media":"","overlay-type":"","overlay-color":"","overlay-opacity":"","overlay-gradient":""}},"footnotes":""},"class_list":["post-1448","page","type-page","status-publish","has-post-thumbnail","hentry"],"yoast_head":"<!-- This site is optimized with the Yoast SEO plugin v27.3 - https:\/\/yoast.com\/product\/yoast-seo-wordpress\/ -->\n<title>INURA \u2013 Dise\u00f1o, estilo y armon\u00eda para tu espacio en Mallorca<\/title>\n<meta name=\"description\" content=\"Transformamos casas en hogares con propuestas de decoraci\u00f3n \u00fanicas en Mallorca. Insp\u00edrate y redescubre el arte de vivir bien.\" \/>\n<meta name=\"robots\" content=\"index, follow, max-snippet:-1, max-image-preview:large, max-video-preview:-1\" \/>\n<link rel=\"canonical\" href=\"https:\/\/www.in-ura.com\/en\/\" \/>\n<meta property=\"og:locale\" content=\"en_US\" \/>\n<meta property=\"og:type\" content=\"article\" \/>\n<meta property=\"og:title\" content=\"INURA \u2013 Dise\u00f1o, estilo y armon\u00eda para tu espacio en Mallorca\" \/>\n<meta property=\"og:description\" content=\"Transformamos casas en hogares con propuestas de decoraci\u00f3n \u00fanicas en Mallorca. Insp\u00edrate y redescubre el arte de vivir bien.\" \/>\n<meta property=\"og:url\" content=\"https:\/\/www.in-ura.com\/en\/\" \/>\n<meta property=\"og:site_name\" content=\"INURA - Create, live &amp; Inspire\" \/>\n<meta property=\"article:modified_time\" content=\"2025-11-24T10:24:01+00:00\" \/>\n<meta property=\"og:image\" content=\"https:\/\/www.in-ura.com\/wp-content\/uploads\/2025\/11\/inura-home2.webp\" \/>\n\t<meta property=\"og:image:width\" content=\"2500\" \/>\n\t<meta property=\"og:image:height\" content=\"1500\" \/>\n\t<meta property=\"og:image:type\" content=\"image\/webp\" \/>\n<meta name=\"twitter:card\" content=\"summary_large_image\" \/>\n<script type=\"application\/ld+json\" class=\"yoast-schema-graph\">{\"@context\":\"https:\\\/\\\/schema.org\",\"@graph\":[{\"@type\":\"WebPage\",\"@id\":\"https:\\\/\\\/www.in-ura.com\\\/\",\"url\":\"https:\\\/\\\/www.in-ura.com\\\/\",\"name\":\"INURA \u2013 Dise\u00f1o, estilo y armon\u00eda para tu espacio en Mallorca\",\"isPartOf\":{\"@id\":\"https:\\\/\\\/www.in-ura.com\\\/#website\"},\"primaryImageOfPage\":{\"@id\":\"https:\\\/\\\/www.in-ura.com\\\/#primaryimage\"},\"image\":{\"@id\":\"https:\\\/\\\/www.in-ura.com\\\/#primaryimage\"},\"thumbnailUrl\":\"https:\\\/\\\/www.in-ura.com\\\/wp-content\\\/uploads\\\/2025\\\/11\\\/inura-home2.webp\",\"datePublished\":\"2025-11-06T12:23:52+00:00\",\"dateModified\":\"2025-11-24T10:24:01+00:00\",\"description\":\"Transformamos casas en hogares con propuestas de decoraci\u00f3n \u00fanicas en Mallorca. Insp\u00edrate y redescubre el arte de vivir bien.\",\"breadcrumb\":{\"@id\":\"https:\\\/\\\/www.in-ura.com\\\/#breadcrumb\"},\"inLanguage\":\"en-US\",\"potentialAction\":[{\"@type\":\"ReadAction\",\"target\":[\"https:\\\/\\\/www.in-ura.com\\\/\"]}]},{\"@type\":\"ImageObject\",\"inLanguage\":\"en-US\",\"@id\":\"https:\\\/\\\/www.in-ura.com\\\/#primaryimage\",\"url\":\"https:\\\/\\\/www.in-ura.com\\\/wp-content\\\/uploads\\\/2025\\\/11\\\/inura-home2.webp\",\"contentUrl\":\"https:\\\/\\\/www.in-ura.com\\\/wp-content\\\/uploads\\\/2025\\\/11\\\/inura-home2.webp\",\"width\":2500,\"height\":1500,\"caption\":\"inura - imagen de portada\"},{\"@type\":\"BreadcrumbList\",\"@id\":\"https:\\\/\\\/www.in-ura.com\\\/#breadcrumb\",\"itemListElement\":[{\"@type\":\"ListItem\",\"position\":1,\"name\":\"Portada\",\"item\":\"https:\\\/\\\/www.in-ura.com\\\/\"},{\"@type\":\"ListItem\",\"position\":2,\"name\":\"Home\"}]},{\"@type\":\"WebSite\",\"@id\":\"https:\\\/\\\/www.in-ura.com\\\/#website\",\"url\":\"https:\\\/\\\/www.in-ura.com\\\/\",\"name\":\"INURA - Create, live & Inspire\",\"description\":\"INURA \u2013 Dise\u00f1o, estilo y armon\u00eda para tu espacio en Mallorca\",\"publisher\":{\"@id\":\"https:\\\/\\\/www.in-ura.com\\\/#organization\"},\"potentialAction\":[{\"@type\":\"SearchAction\",\"target\":{\"@type\":\"EntryPoint\",\"urlTemplate\":\"https:\\\/\\\/www.in-ura.com\\\/?s={search_term_string}\"},\"query-input\":{\"@type\":\"PropertyValueSpecification\",\"valueRequired\":true,\"valueName\":\"search_term_string\"}}],\"inLanguage\":\"en-US\"},{\"@type\":\"Organization\",\"@id\":\"https:\\\/\\\/www.in-ura.com\\\/#organization\",\"name\":\"INURA - Create, live & Inspire\",\"url\":\"https:\\\/\\\/www.in-ura.com\\\/\",\"logo\":{\"@type\":\"ImageObject\",\"inLanguage\":\"en-US\",\"@id\":\"https:\\\/\\\/www.in-ura.com\\\/#\\\/schema\\\/logo\\\/image\\\/\",\"url\":\"https:\\\/\\\/www.in-ura.com\\\/inura\\\/wp-content\\\/uploads\\\/2025\\\/11\\\/Mesa-de-trabajo-1@300x-scaled-1.png\",\"contentUrl\":\"https:\\\/\\\/www.in-ura.com\\\/inura\\\/wp-content\\\/uploads\\\/2025\\\/11\\\/Mesa-de-trabajo-1@300x-scaled-1.png\",\"width\":2560,\"height\":1117,\"caption\":\"INURA - Create, live & Inspire\"},\"image\":{\"@id\":\"https:\\\/\\\/www.in-ura.com\\\/#\\\/schema\\\/logo\\\/image\\\/\"},\"sameAs\":[\"https:\\\/\\\/www.instagram.com\\\/inura_design_hub\\\/\"]}]}<\/script>\n<!-- \/ Yoast SEO plugin. -->","yoast_head_json":{"title":"INURA \u2013 Dise\u00f1o, estilo y armon\u00eda para tu espacio en Mallorca","description":"Transformamos casas en hogares con propuestas de decoraci\u00f3n \u00fanicas en Mallorca. Insp\u00edrate y redescubre el arte de vivir bien.","robots":{"index":"index","follow":"follow","max-snippet":"max-snippet:-1","max-image-preview":"max-image-preview:large","max-video-preview":"max-video-preview:-1"},"canonical":"https:\/\/www.in-ura.com\/en\/","og_locale":"en_US","og_type":"article","og_title":"INURA \u2013 Dise\u00f1o, estilo y armon\u00eda para tu espacio en Mallorca","og_description":"Transformamos casas en hogares con propuestas de decoraci\u00f3n \u00fanicas en Mallorca. Insp\u00edrate y redescubre el arte de vivir bien.","og_url":"https:\/\/www.in-ura.com\/en\/","og_site_name":"INURA - Create, live &amp; Inspire","article_modified_time":"2025-11-24T10:24:01+00:00","og_image":[{"width":2500,"height":1500,"url":"https:\/\/www.in-ura.com\/wp-content\/uploads\/2025\/11\/inura-home2.webp","type":"image\/webp"}],"twitter_card":"summary_large_image","schema":{"@context":"https:\/\/schema.org","@graph":[{"@type":"WebPage","@id":"https:\/\/www.in-ura.com\/","url":"https:\/\/www.in-ura.com\/","name":"INURA \u2013 Dise\u00f1o, estilo y armon\u00eda para tu espacio en Mallorca","isPartOf":{"@id":"https:\/\/www.in-ura.com\/#website"},"primaryImageOfPage":{"@id":"https:\/\/www.in-ura.com\/#primaryimage"},"image":{"@id":"https:\/\/www.in-ura.com\/#primaryimage"},"thumbnailUrl":"https:\/\/www.in-ura.com\/wp-content\/uploads\/2025\/11\/inura-home2.webp","datePublished":"2025-11-06T12:23:52+00:00","dateModified":"2025-11-24T10:24:01+00:00","description":"Transformamos casas en hogares con propuestas de decoraci\u00f3n \u00fanicas en Mallorca. Insp\u00edrate y redescubre el arte de vivir bien.","breadcrumb":{"@id":"https:\/\/www.in-ura.com\/#breadcrumb"},"inLanguage":"en-US","potentialAction":[{"@type":"ReadAction","target":["https:\/\/www.in-ura.com\/"]}]},{"@type":"ImageObject","inLanguage":"en-US","@id":"https:\/\/www.in-ura.com\/#primaryimage","url":"https:\/\/www.in-ura.com\/wp-content\/uploads\/2025\/11\/inura-home2.webp","contentUrl":"https:\/\/www.in-ura.com\/wp-content\/uploads\/2025\/11\/inura-home2.webp","width":2500,"height":1500,"caption":"inura - imagen de portada"},{"@type":"BreadcrumbList","@id":"https:\/\/www.in-ura.com\/#breadcrumb","itemListElement":[{"@type":"ListItem","position":1,"name":"Portada","item":"https:\/\/www.in-ura.com\/"},{"@type":"ListItem","position":2,"name":"Home"}]},{"@type":"WebSite","@id":"https:\/\/www.in-ura.com\/#website","url":"https:\/\/www.in-ura.com\/","name":"INURA - Create, live & Inspire","description":"INURA \u2013 Dise\u00f1o, estilo y armon\u00eda para tu espacio en Mallorca","publisher":{"@id":"https:\/\/www.in-ura.com\/#organization"},"potentialAction":[{"@type":"SearchAction","target":{"@type":"EntryPoint","urlTemplate":"https:\/\/www.in-ura.com\/?s={search_term_string}"},"query-input":{"@type":"PropertyValueSpecification","valueRequired":true,"valueName":"search_term_string"}}],"inLanguage":"en-US"},{"@type":"Organization","@id":"https:\/\/www.in-ura.com\/#organization","name":"INURA - Create, live & Inspire","url":"https:\/\/www.in-ura.com\/","logo":{"@type":"ImageObject","inLanguage":"en-US","@id":"https:\/\/www.in-ura.com\/#\/schema\/logo\/image\/","url":"https:\/\/www.in-ura.com\/inura\/wp-content\/uploads\/2025\/11\/Mesa-de-trabajo-1@300x-scaled-1.png","contentUrl":"https:\/\/www.in-ura.com\/inura\/wp-content\/uploads\/2025\/11\/Mesa-de-trabajo-1@300x-scaled-1.png","width":2560,"height":1117,"caption":"INURA - Create, live & Inspire"},"image":{"@id":"https:\/\/www.in-ura.com\/#\/schema\/logo\/image\/"},"sameAs":["https:\/\/www.instagram.com\/inura_design_hub\/"]}]}},"_links":{"self":[{"href":"https:\/\/www.in-ura.com\/en\/wp-json\/wp\/v2\/pages\/1448","targetHints":{"allow":["GET"]}}],"collection":[{"href":"https:\/\/www.in-ura.com\/en\/wp-json\/wp\/v2\/pages"}],"about":[{"href":"https:\/\/www.in-ura.com\/en\/wp-json\/wp\/v2\/types\/page"}],"author":[{"embeddable":true,"href":"https:\/\/www.in-ura.com\/en\/wp-json\/wp\/v2\/users\/1"}],"replies":[{"embeddable":true,"href":"https:\/\/www.in-ura.com\/en\/wp-json\/wp\/v2\/comments?post=1448"}],"version-history":[{"count":34,"href":"https:\/\/www.in-ura.com\/en\/wp-json\/wp\/v2\/pages\/1448\/revisions"}],"predecessor-version":[{"id":2320,"href":"https:\/\/www.in-ura.com\/en\/wp-json\/wp\/v2\/pages\/1448\/revisions\/2320"}],"wp:featuredmedia":[{"embeddable":true,"href":"https:\/\/www.in-ura.com\/en\/wp-json\/wp\/v2\/media\/2085"}],"wp:attachment":[{"href":"https:\/\/www.in-ura.com\/en\/wp-json\/wp\/v2\/media?parent=1448"}],"curies":[{"name":"wp","href":"https:\/\/api.w.org\/{rel}","templated":true}]}}