{"id":16,"date":"2025-11-06T12:23:52","date_gmt":"2025-11-06T12:23:52","guid":{"rendered":"https:\/\/www.in-ura.com\/inura\/contact\/"},"modified":"2025-11-20T16:04:58","modified_gmt":"2025-11-20T16:04:58","slug":"contacto","status":"publish","type":"page","link":"https:\/\/www.in-ura.com\/en\/contacto\/","title":{"rendered":"CONTACT"},"content":{"rendered":"<div data-elementor-type=\"wp-page\" data-elementor-id=\"16\" class=\"elementor elementor-16\" data-elementor-settings=\"{&quot;ha_cmc_init_switcher&quot;:&quot;no&quot;}\" data-elementor-post-type=\"page\">\n\t\t\t\t<div class=\"elementor-element elementor-element-f86c29d e-flex e-con-boxed e-con e-parent\" data-id=\"f86c29d\" data-element_type=\"container\" data-e-type=\"container\" data-settings=\"{&quot;background_background&quot;:&quot;classic&quot;,&quot;_ha_eqh_enable&quot;:false}\">\n\t\t\t\t\t<div class=\"e-con-inner\">\n\t\t<div class=\"elementor-element elementor-element-c104332 e-con-full e-flex e-con e-child\" data-id=\"c104332\" data-element_type=\"container\" data-e-type=\"container\" data-settings=\"{&quot;_ha_eqh_enable&quot;:false}\">\n\t\t\t\t<div class=\"elementor-element elementor-element-25e01e3 elementor-widget elementor-widget-heading\" data-id=\"25e01e3\" data-element_type=\"widget\" data-e-type=\"widget\" data-widget_type=\"heading.default\">\n\t\t\t\t<div class=\"elementor-widget-container\">\n\t\t\t\t\t<h1 class=\"elementor-heading-title elementor-size-default\">Cont\u00e1ctanos<\/h1>\t\t\t\t<\/div>\n\t\t\t\t<\/div>\n\t\t\t\t<\/div>\n\t\t\t\t\t<\/div>\n\t\t\t\t<\/div>\n\t\t\t\t<section class=\"elementor-section elementor-top-section elementor-element elementor-element-3efe73ee elementor-section-boxed elementor-section-height-default elementor-section-height-default\" data-id=\"3efe73ee\" data-element_type=\"section\" data-e-type=\"section\" data-settings=\"{&quot;_ha_eqh_enable&quot;:false}\">\n\t\t\t\t\t\t<div class=\"elementor-container elementor-column-gap-default\">\n\t\t\t\t\t<div class=\"elementor-column elementor-col-50 elementor-top-column elementor-element elementor-element-7568f47d\" data-id=\"7568f47d\" data-element_type=\"column\" data-e-type=\"column\">\n\t\t\t<div class=\"elementor-widget-wrap elementor-element-populated\">\n\t\t\t\t\t\t<div class=\"elementor-element elementor-element-2b79f1a6 elementor-widget elementor-widget-ha-member happy-addon ha-member\" data-id=\"2b79f1a6\" data-element_type=\"widget\" data-e-type=\"widget\" aria-label=\"\" data-widget_type=\"ha-member.default\">\n\t\t\t\t<div class=\"elementor-widget-container\">\n\t\t\t\t\t\n\t\t\t\t\t<figure class=\"ha-member-figure\">\n\t\t\t\t<img fetchpriority=\"high\" decoding=\"async\" width=\"2560\" height=\"1117\" src=\"https:\/\/www.in-ura.com\/wp-content\/uploads\/2025\/11\/Mesa-de-trabajo-1@300x-scaled-1.png\" class=\"elementor-animation-disable-animation attachment-full size-full wp-image-7\" alt=\"\" srcset=\"https:\/\/www.in-ura.com\/wp-content\/uploads\/2025\/11\/Mesa-de-trabajo-1@300x-scaled-1.png 2560w, https:\/\/www.in-ura.com\/wp-content\/uploads\/2025\/11\/Mesa-de-trabajo-1@300x-scaled-1-300x131.png 300w, https:\/\/www.in-ura.com\/wp-content\/uploads\/2025\/11\/Mesa-de-trabajo-1@300x-scaled-1-1024x447.png 1024w, https:\/\/www.in-ura.com\/wp-content\/uploads\/2025\/11\/Mesa-de-trabajo-1@300x-scaled-1-768x335.png 768w, https:\/\/www.in-ura.com\/wp-content\/uploads\/2025\/11\/Mesa-de-trabajo-1@300x-scaled-1-1536x670.png 1536w, https:\/\/www.in-ura.com\/wp-content\/uploads\/2025\/11\/Mesa-de-trabajo-1@300x-scaled-1-2048x894.png 2048w\" sizes=\"(max-width: 2560px) 100vw, 2560px\" \/>\t\t\t<\/figure>\n\t\t\n\t\t<div class=\"ha-member-body\">\n\t\t\t<h1 class=\"ha-member-name\">ALBA GOMBAU SANTAMARIA<\/h1>\n\t\t\t\t\t\t\t<div class=\"ha-member-position\">alba@in-ura.com <br> + 34 626 932 625<\/div>\n\t\t\t\n\t\t\t\n\t\t\t\n\t\t\t\n\t\t\t<a class=\"ha-btn ha-btn--link\" href=\"https:\/\/www.linkedin.com\/in\/alba-gombau-santamaria-a5a41015b?utm_source=share&#038;utm_campaign=share_via&#038;utm_content=profile&#038;utm_medium=ios_app\"><span class=\"ha-btn-text\">Ver linkedIn<\/span><\/a>\t\t<\/div>\n\t\t\t\t\t\t<\/div>\n\t\t\t\t<\/div>\n\t\t\t\t\t<\/div>\n\t\t<\/div>\n\t\t\t\t<div class=\"elementor-column elementor-col-50 elementor-top-column elementor-element elementor-element-dde95b9\" data-id=\"dde95b9\" data-element_type=\"column\" data-e-type=\"column\">\n\t\t\t<div class=\"elementor-widget-wrap elementor-element-populated\">\n\t\t\t\t\t\t<div class=\"elementor-element elementor-element-26c847c elementor-widget elementor-widget-ha-member happy-addon ha-member\" data-id=\"26c847c\" data-element_type=\"widget\" data-e-type=\"widget\" aria-label=\"\" data-widget_type=\"ha-member.default\">\n\t\t\t\t<div class=\"elementor-widget-container\">\n\t\t\t\t\t\n\t\t\t\t\t<figure class=\"ha-member-figure\">\n\t\t\t\t<img fetchpriority=\"high\" decoding=\"async\" width=\"2560\" height=\"1117\" src=\"https:\/\/www.in-ura.com\/wp-content\/uploads\/2025\/11\/Mesa-de-trabajo-1@300x-scaled-1.png\" class=\"elementor-animation-disable-animation attachment-full size-full wp-image-7\" alt=\"\" srcset=\"https:\/\/www.in-ura.com\/wp-content\/uploads\/2025\/11\/Mesa-de-trabajo-1@300x-scaled-1.png 2560w, https:\/\/www.in-ura.com\/wp-content\/uploads\/2025\/11\/Mesa-de-trabajo-1@300x-scaled-1-300x131.png 300w, https:\/\/www.in-ura.com\/wp-content\/uploads\/2025\/11\/Mesa-de-trabajo-1@300x-scaled-1-1024x447.png 1024w, https:\/\/www.in-ura.com\/wp-content\/uploads\/2025\/11\/Mesa-de-trabajo-1@300x-scaled-1-768x335.png 768w, https:\/\/www.in-ura.com\/wp-content\/uploads\/2025\/11\/Mesa-de-trabajo-1@300x-scaled-1-1536x670.png 1536w, https:\/\/www.in-ura.com\/wp-content\/uploads\/2025\/11\/Mesa-de-trabajo-1@300x-scaled-1-2048x894.png 2048w\" sizes=\"(max-width: 2560px) 100vw, 2560px\" \/>\t\t\t<\/figure>\n\t\t\n\t\t<div class=\"ha-member-body\">\n\t\t\t<h1 class=\"ha-member-name\">MARC OLL\u00c9 HUGUET<\/h1>\n\t\t\t\t\t\t\t<div class=\"ha-member-position\">marc@in-ura.com <br> + 34 650 304 532<\/div>\n\t\t\t\n\t\t\t\n\t\t\t<a class=\"ha-btn ha-btn--link\" href=\"https:\/\/www.linkedin.com\/in\/marc-oll%C3%A9-huguet-36633a60?utm_source=share&#038;utm_campaign=share_via&#038;utm_content=profile&#038;utm_medium=ios_app\"><span class=\"ha-btn-text\">Ver LinkedIn<\/span><\/a>\n\t\t\t\n\t\t\t\t\t<\/div>\n\t\t\t\t\t\t<\/div>\n\t\t\t\t<\/div>\n\t\t\t\t\t<\/div>\n\t\t<\/div>\n\t\t\t\t\t<\/div>\n\t\t<\/section>\n\t\t\t\t<\/div>","protected":false},"excerpt":{"rendered":"<p>Cont\u00e1ctanos ALBA GOMBAU SANTAMARIA alba@in-ura.com + 34 626 932 625 Ver linkedIn MARC OLL\u00c9 HUGUET marc@in-ura.com + 34 650 304 532 Ver LinkedIn<\/p>","protected":false},"author":1,"featured_media":2023,"parent":0,"menu_order":0,"comment_status":"closed","ping_status":"closed","template":"","meta":{"_monsterinsights_skip_tracking":false,"_monsterinsights_sitenote_active":false,"_monsterinsights_sitenote_note":"","_monsterinsights_sitenote_category":0,"site-sidebar-layout":"no-sidebar","site-content-layout":"page-builder","ast-site-content-layout":"full-width-container","site-content-style":"unboxed","site-sidebar-style":"unboxed","ast-global-header-display":"","ast-banner-title-visibility":"","ast-main-header-display":"","ast-hfb-above-header-display":"","ast-hfb-below-header-display":"","ast-hfb-mobile-header-display":"","site-post-title":"disabled","ast-breadcrumbs-content":"","ast-featured-img":"disabled","footer-sml-layout":"","ast-disable-related-posts":"","theme-transparent-header-meta":"enabled","adv-header-id-meta":"","stick-header-meta":"","header-above-stick-meta":"","header-main-stick-meta":"","header-below-stick-meta":"","astra-migrate-meta-layouts":"set","ast-page-background-enabled":"default","ast-page-background-meta":{"desktop":{"background-color":"var(--ast-global-color-4)","background-image":"","background-repeat":"repeat","background-position":"center center","background-size":"auto","background-attachment":"scroll","background-type":"","background-media":"","overlay-type":"","overlay-color":"","overlay-opacity":"","overlay-gradient":""},"tablet":{"background-color":"","background-image":"","background-repeat":"repeat","background-position":"center center","background-size":"auto","background-attachment":"scroll","background-type":"","background-media":"","overlay-type":"","overlay-color":"","overlay-opacity":"","overlay-gradient":""},"mobile":{"background-color":"","background-image":"","background-repeat":"repeat","background-position":"center center","background-size":"auto","background-attachment":"scroll","background-type":"","background-media":"","overlay-type":"","overlay-color":"","overlay-opacity":"","overlay-gradient":""}},"ast-content-background-meta":{"desktop":{"background-color":"var(--ast-global-color-5)","background-image":"","background-repeat":"repeat","background-position":"center center","background-size":"auto","background-attachment":"scroll","background-type":"","background-media":"","overlay-type":"","overlay-color":"","overlay-opacity":"","overlay-gradient":""},"tablet":{"background-color":"var(--ast-global-color-5)","background-image":"","background-repeat":"repeat","background-position":"center center","background-size":"auto","background-attachment":"scroll","background-type":"","background-media":"","overlay-type":"","overlay-color":"","overlay-opacity":"","overlay-gradient":""},"mobile":{"background-color":"var(--ast-global-color-5)","background-image":"","background-repeat":"repeat","background-position":"center center","background-size":"auto","background-attachment":"scroll","background-type":"","background-media":"","overlay-type":"","overlay-color":"","overlay-opacity":"","overlay-gradient":""}},"footnotes":""},"class_list":["post-16","page","type-page","status-publish","has-post-thumbnail","hentry"],"yoast_head":"<!-- This site is optimized with the Yoast SEO plugin v27.3 - https:\/\/yoast.com\/product\/yoast-seo-wordpress\/ -->\n<title>Contacto | Inura \u2013 Representaci\u00f3n de Marcas de Dise\u00f1o<\/title>\n<meta name=\"description\" content=\"Contacta con Inura. Te acompa\u00f1amos en proyectos de arquitectura, interiorismo y dise\u00f1o de lujo con marcas internacionales de alto nivel.\" \/>\n<meta name=\"robots\" content=\"index, follow, max-snippet:-1, max-image-preview:large, max-video-preview:-1\" \/>\n<link rel=\"canonical\" href=\"https:\/\/www.in-ura.com\/en\/contacto\/\" \/>\n<meta property=\"og:locale\" content=\"en_US\" \/>\n<meta property=\"og:type\" content=\"article\" \/>\n<meta property=\"og:title\" content=\"Contacto | Inura \u2013 Representaci\u00f3n de Marcas de Dise\u00f1o\" \/>\n<meta property=\"og:description\" content=\"Contacta con Inura. Te acompa\u00f1amos en proyectos de arquitectura, interiorismo y dise\u00f1o de lujo con marcas internacionales de alto nivel.\" \/>\n<meta property=\"og:url\" content=\"https:\/\/www.in-ura.com\/en\/contacto\/\" \/>\n<meta property=\"og:site_name\" content=\"INURA - Create, live &amp; Inspire\" \/>\n<meta property=\"article:modified_time\" content=\"2025-11-20T16:04:58+00:00\" \/>\n<meta property=\"og:image\" content=\"https:\/\/www.in-ura.com\/wp-content\/uploads\/2025\/11\/imatge-tallada2-1-scaled-1.jpg\" \/>\n\t<meta property=\"og:image:width\" content=\"2560\" \/>\n\t<meta property=\"og:image:height\" content=\"1240\" \/>\n\t<meta property=\"og:image:type\" content=\"image\/jpeg\" \/>\n<meta name=\"twitter:card\" content=\"summary_large_image\" \/>\n<script type=\"application\/ld+json\" class=\"yoast-schema-graph\">{\"@context\":\"https:\\\/\\\/schema.org\",\"@graph\":[{\"@type\":\"WebPage\",\"@id\":\"https:\\\/\\\/www.in-ura.com\\\/contacto\\\/\",\"url\":\"https:\\\/\\\/www.in-ura.com\\\/contacto\\\/\",\"name\":\"Contacto | Inura \u2013 Representaci\u00f3n de Marcas de Dise\u00f1o\",\"isPartOf\":{\"@id\":\"https:\\\/\\\/www.in-ura.com\\\/#website\"},\"primaryImageOfPage\":{\"@id\":\"https:\\\/\\\/www.in-ura.com\\\/contacto\\\/#primaryimage\"},\"image\":{\"@id\":\"https:\\\/\\\/www.in-ura.com\\\/contacto\\\/#primaryimage\"},\"thumbnailUrl\":\"https:\\\/\\\/www.in-ura.com\\\/wp-content\\\/uploads\\\/2025\\\/11\\\/imatge-tallada2-1-scaled-1.jpg\",\"datePublished\":\"2025-11-06T12:23:52+00:00\",\"dateModified\":\"2025-11-20T16:04:58+00:00\",\"description\":\"Contacta con Inura. Te acompa\u00f1amos en proyectos de arquitectura, interiorismo y dise\u00f1o de lujo con marcas internacionales de alto nivel.\",\"breadcrumb\":{\"@id\":\"https:\\\/\\\/www.in-ura.com\\\/contacto\\\/#breadcrumb\"},\"inLanguage\":\"en-US\",\"potentialAction\":[{\"@type\":\"ReadAction\",\"target\":[\"https:\\\/\\\/www.in-ura.com\\\/contacto\\\/\"]}]},{\"@type\":\"ImageObject\",\"inLanguage\":\"en-US\",\"@id\":\"https:\\\/\\\/www.in-ura.com\\\/contacto\\\/#primaryimage\",\"url\":\"https:\\\/\\\/www.in-ura.com\\\/wp-content\\\/uploads\\\/2025\\\/11\\\/imatge-tallada2-1-scaled-1.jpg\",\"contentUrl\":\"https:\\\/\\\/www.in-ura.com\\\/wp-content\\\/uploads\\\/2025\\\/11\\\/imatge-tallada2-1-scaled-1.jpg\",\"width\":2560,\"height\":1240},{\"@type\":\"BreadcrumbList\",\"@id\":\"https:\\\/\\\/www.in-ura.com\\\/contacto\\\/#breadcrumb\",\"itemListElement\":[{\"@type\":\"ListItem\",\"position\":1,\"name\":\"Portada\",\"item\":\"https:\\\/\\\/www.in-ura.com\\\/\"},{\"@type\":\"ListItem\",\"position\":2,\"name\":\"Contacto\"}]},{\"@type\":\"WebSite\",\"@id\":\"https:\\\/\\\/www.in-ura.com\\\/#website\",\"url\":\"https:\\\/\\\/www.in-ura.com\\\/\",\"name\":\"INURA - Create, live & Inspire\",\"description\":\"INURA \u2013 Dise\u00f1o, estilo y armon\u00eda para tu espacio en Mallorca\",\"publisher\":{\"@id\":\"https:\\\/\\\/www.in-ura.com\\\/#organization\"},\"potentialAction\":[{\"@type\":\"SearchAction\",\"target\":{\"@type\":\"EntryPoint\",\"urlTemplate\":\"https:\\\/\\\/www.in-ura.com\\\/?s={search_term_string}\"},\"query-input\":{\"@type\":\"PropertyValueSpecification\",\"valueRequired\":true,\"valueName\":\"search_term_string\"}}],\"inLanguage\":\"en-US\"},{\"@type\":\"Organization\",\"@id\":\"https:\\\/\\\/www.in-ura.com\\\/#organization\",\"name\":\"INURA - Create, live & Inspire\",\"url\":\"https:\\\/\\\/www.in-ura.com\\\/\",\"logo\":{\"@type\":\"ImageObject\",\"inLanguage\":\"en-US\",\"@id\":\"https:\\\/\\\/www.in-ura.com\\\/#\\\/schema\\\/logo\\\/image\\\/\",\"url\":\"https:\\\/\\\/www.in-ura.com\\\/inura\\\/wp-content\\\/uploads\\\/2025\\\/11\\\/Mesa-de-trabajo-1@300x-scaled-1.png\",\"contentUrl\":\"https:\\\/\\\/www.in-ura.com\\\/inura\\\/wp-content\\\/uploads\\\/2025\\\/11\\\/Mesa-de-trabajo-1@300x-scaled-1.png\",\"width\":2560,\"height\":1117,\"caption\":\"INURA - Create, live & Inspire\"},\"image\":{\"@id\":\"https:\\\/\\\/www.in-ura.com\\\/#\\\/schema\\\/logo\\\/image\\\/\"},\"sameAs\":[\"https:\\\/\\\/www.instagram.com\\\/inura_design_hub\\\/\"]}]}<\/script>\n<!-- \/ Yoast SEO plugin. -->","yoast_head_json":{"title":"Contacto | Inura \u2013 Representaci\u00f3n de Marcas de Dise\u00f1o","description":"Contacta con Inura. Te acompa\u00f1amos en proyectos de arquitectura, interiorismo y dise\u00f1o de lujo con marcas internacionales de alto nivel.","robots":{"index":"index","follow":"follow","max-snippet":"max-snippet:-1","max-image-preview":"max-image-preview:large","max-video-preview":"max-video-preview:-1"},"canonical":"https:\/\/www.in-ura.com\/en\/contacto\/","og_locale":"en_US","og_type":"article","og_title":"Contacto | Inura \u2013 Representaci\u00f3n de Marcas de Dise\u00f1o","og_description":"Contacta con Inura. Te acompa\u00f1amos en proyectos de arquitectura, interiorismo y dise\u00f1o de lujo con marcas internacionales de alto nivel.","og_url":"https:\/\/www.in-ura.com\/en\/contacto\/","og_site_name":"INURA - Create, live &amp; Inspire","article_modified_time":"2025-11-20T16:04:58+00:00","og_image":[{"width":2560,"height":1240,"url":"https:\/\/www.in-ura.com\/wp-content\/uploads\/2025\/11\/imatge-tallada2-1-scaled-1.jpg","type":"image\/jpeg"}],"twitter_card":"summary_large_image","schema":{"@context":"https:\/\/schema.org","@graph":[{"@type":"WebPage","@id":"https:\/\/www.in-ura.com\/contacto\/","url":"https:\/\/www.in-ura.com\/contacto\/","name":"Contacto | Inura \u2013 Representaci\u00f3n de Marcas de Dise\u00f1o","isPartOf":{"@id":"https:\/\/www.in-ura.com\/#website"},"primaryImageOfPage":{"@id":"https:\/\/www.in-ura.com\/contacto\/#primaryimage"},"image":{"@id":"https:\/\/www.in-ura.com\/contacto\/#primaryimage"},"thumbnailUrl":"https:\/\/www.in-ura.com\/wp-content\/uploads\/2025\/11\/imatge-tallada2-1-scaled-1.jpg","datePublished":"2025-11-06T12:23:52+00:00","dateModified":"2025-11-20T16:04:58+00:00","description":"Contacta con Inura. Te acompa\u00f1amos en proyectos de arquitectura, interiorismo y dise\u00f1o de lujo con marcas internacionales de alto nivel.","breadcrumb":{"@id":"https:\/\/www.in-ura.com\/contacto\/#breadcrumb"},"inLanguage":"en-US","potentialAction":[{"@type":"ReadAction","target":["https:\/\/www.in-ura.com\/contacto\/"]}]},{"@type":"ImageObject","inLanguage":"en-US","@id":"https:\/\/www.in-ura.com\/contacto\/#primaryimage","url":"https:\/\/www.in-ura.com\/wp-content\/uploads\/2025\/11\/imatge-tallada2-1-scaled-1.jpg","contentUrl":"https:\/\/www.in-ura.com\/wp-content\/uploads\/2025\/11\/imatge-tallada2-1-scaled-1.jpg","width":2560,"height":1240},{"@type":"BreadcrumbList","@id":"https:\/\/www.in-ura.com\/contacto\/#breadcrumb","itemListElement":[{"@type":"ListItem","position":1,"name":"Portada","item":"https:\/\/www.in-ura.com\/"},{"@type":"ListItem","position":2,"name":"Contacto"}]},{"@type":"WebSite","@id":"https:\/\/www.in-ura.com\/#website","url":"https:\/\/www.in-ura.com\/","name":"INURA - Create, live & Inspire","description":"INURA \u2013 Dise\u00f1o, estilo y armon\u00eda para tu espacio en Mallorca","publisher":{"@id":"https:\/\/www.in-ura.com\/#organization"},"potentialAction":[{"@type":"SearchAction","target":{"@type":"EntryPoint","urlTemplate":"https:\/\/www.in-ura.com\/?s={search_term_string}"},"query-input":{"@type":"PropertyValueSpecification","valueRequired":true,"valueName":"search_term_string"}}],"inLanguage":"en-US"},{"@type":"Organization","@id":"https:\/\/www.in-ura.com\/#organization","name":"INURA - Create, live & Inspire","url":"https:\/\/www.in-ura.com\/","logo":{"@type":"ImageObject","inLanguage":"en-US","@id":"https:\/\/www.in-ura.com\/#\/schema\/logo\/image\/","url":"https:\/\/www.in-ura.com\/inura\/wp-content\/uploads\/2025\/11\/Mesa-de-trabajo-1@300x-scaled-1.png","contentUrl":"https:\/\/www.in-ura.com\/inura\/wp-content\/uploads\/2025\/11\/Mesa-de-trabajo-1@300x-scaled-1.png","width":2560,"height":1117,"caption":"INURA - Create, live & Inspire"},"image":{"@id":"https:\/\/www.in-ura.com\/#\/schema\/logo\/image\/"},"sameAs":["https:\/\/www.instagram.com\/inura_design_hub\/"]}]}},"_links":{"self":[{"href":"https:\/\/www.in-ura.com\/en\/wp-json\/wp\/v2\/pages\/16","targetHints":{"allow":["GET"]}}],"collection":[{"href":"https:\/\/www.in-ura.com\/en\/wp-json\/wp\/v2\/pages"}],"about":[{"href":"https:\/\/www.in-ura.com\/en\/wp-json\/wp\/v2\/types\/page"}],"author":[{"embeddable":true,"href":"https:\/\/www.in-ura.com\/en\/wp-json\/wp\/v2\/users\/1"}],"replies":[{"embeddable":true,"href":"https:\/\/www.in-ura.com\/en\/wp-json\/wp\/v2\/comments?post=16"}],"version-history":[{"count":38,"href":"https:\/\/www.in-ura.com\/en\/wp-json\/wp\/v2\/pages\/16\/revisions"}],"predecessor-version":[{"id":2294,"href":"https:\/\/www.in-ura.com\/en\/wp-json\/wp\/v2\/pages\/16\/revisions\/2294"}],"wp:featuredmedia":[{"embeddable":true,"href":"https:\/\/www.in-ura.com\/en\/wp-json\/wp\/v2\/media\/2023"}],"wp:attachment":[{"href":"https:\/\/www.in-ura.com\/en\/wp-json\/wp\/v2\/media?parent=16"}],"curies":[{"name":"wp","href":"https:\/\/api.w.org\/{rel}","templated":true}]}}