{"id":1877,"date":"2025-11-07T10:00:58","date_gmt":"2025-11-07T10:00:58","guid":{"rendered":"https:\/\/www.in-ura.com\/inura\/?page_id=1877"},"modified":"2025-11-19T15:54:26","modified_gmt":"2025-11-19T15:54:26","slug":"accesibilidad","status":"publish","type":"page","link":"https:\/\/www.in-ura.com\/en\/accesibilidad\/","title":{"rendered":"Accessibility"},"content":{"rendered":"<div data-elementor-type=\"wp-page\" data-elementor-id=\"1877\" class=\"elementor elementor-1877\" data-elementor-settings=\"{&quot;ha_cmc_init_switcher&quot;:&quot;no&quot;}\" data-elementor-post-type=\"page\">\n\t\t\t\t\t\t<section class=\"elementor-section elementor-top-section elementor-element elementor-element-ed6qqab elementor-section-full_width elementor-section-height-default elementor-section-height-default\" data-id=\"ed6qqab\" data-element_type=\"section\" data-e-type=\"section\" data-settings=\"{&quot;background_background&quot;:&quot;classic&quot;,&quot;_ha_eqh_enable&quot;:false}\">\n\t\t\t\t\t\t\t<div class=\"elementor-background-overlay\"><\/div>\n\t\t\t\t\t\t\t<div class=\"elementor-container elementor-column-gap-default\">\n\t\t\t\t\t<div class=\"elementor-column elementor-col-100 elementor-top-column elementor-element elementor-element-dd305b2\" data-id=\"dd305b2\" data-element_type=\"column\" data-e-type=\"column\">\n\t\t\t<div class=\"elementor-widget-wrap elementor-element-populated\">\n\t\t\t\t\t\t<div class=\"elementor-element elementor-element-573fe53 elementor-widget elementor-widget-heading\" data-id=\"573fe53\" data-element_type=\"widget\" data-e-type=\"widget\" data-widget_type=\"heading.default\">\n\t\t\t\t<div class=\"elementor-widget-container\">\n\t\t\t\t\t<h2 class=\"elementor-heading-title elementor-size-default\">Declaraci\u00f3n de Accesibilidad<\/h2>\t\t\t\t<\/div>\n\t\t\t\t<\/div>\n\t\t\t\t\t<\/div>\n\t\t<\/div>\n\t\t\t\t\t<\/div>\n\t\t<\/section>\n\t\t\t\t<section class=\"elementor-section elementor-top-section elementor-element elementor-element-2be11c20 elementor-section-content-middle elementor-section-boxed elementor-section-height-default elementor-section-height-default\" data-id=\"2be11c20\" data-element_type=\"section\" data-e-type=\"section\" data-settings=\"{&quot;background_background&quot;:&quot;classic&quot;,&quot;_ha_eqh_enable&quot;:false}\">\n\t\t\t\t\t\t\t<div class=\"elementor-background-overlay\"><\/div>\n\t\t\t\t\t\t\t<div class=\"elementor-container elementor-column-gap-no\">\n\t\t\t\t\t<div class=\"elementor-column elementor-col-100 elementor-top-column elementor-element elementor-element-5fa171ee\" data-id=\"5fa171ee\" data-element_type=\"column\" data-e-type=\"column\">\n\t\t\t<div class=\"elementor-widget-wrap elementor-element-populated\">\n\t\t\t\t\t\t<div class=\"elementor-element elementor-element-3cfaa9a8 elementor-widget elementor-widget-text-editor\" data-id=\"3cfaa9a8\" data-element_type=\"widget\" data-e-type=\"widget\" data-widget_type=\"text-editor.default\">\n\t\t\t\t<div class=\"elementor-widget-container\">\n\t\t\t\t\t\t\t\t\t<p><strong>Marc Oll\u00e9 Huguet<\/strong> se ha comprometido a hacer accesibles sus sitios web de conformidad con el Real Decreto 1112\/2018, de 7 de septiembre Abre nueva ventana, sobre accesibilidad de los sitios web y aplicaciones para dispositivos m\u00f3viles del sector p\u00fablico (en adelante, Real Decreto 1112\/2018, de 7 de septiembre).<\/p>\n<p><br><\/p>\n<p>La presente declaraci\u00f3n de accesibilidad se aplica al sitio web <a href=\"https:\/\/www.in-ura.com\/en\/\">https:\/\/in-ura.com<\/a>&nbsp;(los subdominios de este sitio web tendr\u00e1n sus propias declaraciones de accesibilidad).<\/p>\n<p><br><\/p>\n<p><strong>Situaci\u00f3n de cumplimiento<\/strong><\/p>\n<p>Este sitio web es parcialmente conforme con el Real Decreto 1112\/2018, de 7 de septiembre, debido a la falta de conformidad de los aspectos que se indican a continuaci\u00f3n.<\/p>\n<p><br><\/p>\n<p>Contenido no accesible<\/p>\n<p>El contenido que se recoge a continuaci\u00f3n no es accesible por lo siguiente:<\/p>\n<p>Falta de conformidad con el Real Decreto 1112\/2018, de 7 de septiembre: podr\u00edan existir fallos puntuales de edici\u00f3n en alguna p\u00e1gina web, tanto en contenidos HTML como en documentos finales, publicados en fecha posterior al 20 de septiembre de 2018 (fecha de entrada en vigor del Real Decreto 1112\/2018, de 7 de septiembre). Concretamente, puede haber errores en algunos documentos antes de su revisi\u00f3n de accesibilidad.<\/p>\n<p><br><\/p>\n<p><strong>Carga desproporcionada: no aplica<\/strong>.<\/p>\n<p><strong>Preparaci\u00f3n de la presente declaraci\u00f3n de accesibilidad<\/strong><\/p>\n<p>La presente declaraci\u00f3n fue preparada el 10 de octubre 2025.<\/p>\n<p>El m\u00e9todo empleado para preparar la declaraci\u00f3n ha sido una autoevaluaci\u00f3n llevada a cabo por la propia empresa.<\/p>\n<p><br><\/p>\n<p>\u00daltima revisi\u00f3n de la declaraci\u00f3n: 10 de octubre 2025.<\/p>\n<p><br><\/p>\n<p><strong>Observaciones y datos de contacto<\/strong><\/p>\n<p>Puede realizar comunicaciones sobre requisitos de accesibilidad (art\u00edculo 10.2.a) del Real Decreto 1112\/2018, de 7 de septiembre) como, por ejemplo:<\/p>\n<p>Informar sobre cualquier posible incumplimiento por parte de este sitio web.<\/p>\n<p>Transmitir otras dificultades de acceso al contenido.<\/p>\n<p>Formular cualquier otra consulta o sugerencia de mejora relativa a la accesibilidad del sitio web.<\/p><p><br><\/p>\n<p>A trav\u00e9s de las siguientes v\u00edas:<\/p>\n<p>Correo electr\u00f3nico: info@in-ura.com<\/p>\n<p>Tel\u00e9fonos: +34 650 30 45 32<\/p><p><br><\/p>\n<p>Las comunicaciones ser\u00e1n recibidas y tratadas por la empresa, como responsable de los contenidos de este sitio web.<\/p><p><br><\/p>\n<p>Tambi\u00e9n puede solicitar en formato accesible informaci\u00f3n que no cumpla con los requisitos de accesibilidad, bien por estar excluida, bien por estar exenta por carga desproporcionada; o formular una queja por incumplimiento de los requisitos de accesibilidad. Enlace al procedimiento de solicitud de informaci\u00f3n accesible y quejas del art\u00edculo 12 del Real Decreto 1112\/2018, de 7 de septiembre.<\/p><p><br><\/p>\n<p><strong>Procedimiento de aplicaci\u00f3n<\/strong><\/p>\n<p>A trav\u00e9s de este procedimiento podr\u00e1 iniciar una reclamaci\u00f3n para conocer y oponerse a los motivos de la desestimaci\u00f3n de una solicitud de informaci\u00f3n accesible o queja, instar la adopci\u00f3n de las medidas oportunas en el caso de no estar de acuerdo con la decisi\u00f3n adoptada, o exponer las razones por las que se considera que la respuesta no cumple con los requisitos exigidos.<\/p><p><br><\/p>\n<p>Datos de contacto de la entidad, unidad o persona a cargo de la accesibilidad y la tramitaci\u00f3n de las solicitudes enviadas a trav\u00e9s del mecanismo de comunicaci\u00f3n:<\/p>\n<p>Denominaci\u00f3n social: Marc Oll\u00e9 Huguet<\/p>\n<p>Denominaci\u00f3n comercial: INURA<\/p>\n<p>CIF\/NIF: 38133221A<\/p>\n<p>Correo electr\u00f3nico:info@in-ura.com<\/p>\n<p>Domicilio social: Comares, 2 | 07500 Manacor &#8211; Baleares &#8211; Espa\u00f1a<\/p><p><br><\/p>\n<p><strong>Contenido opcional<\/strong><\/p>\n<p>La versi\u00f3n actualmente visible de este sitio web es de octubre 2025 y en esa fecha se hizo la revisi\u00f3n del nivel de accesibilidad vigente en aquel momento.<\/p><p><br><\/p>\n<p>Entre otras, se adoptan las siguientes medidas para facilitar la accesibilidad:<\/p>\n<p>Utilizaci\u00f3n de texto alternativo en las im\u00e1genes<\/p>\n<p>Los enlaces ofrecen detalles de la funci\u00f3n o destino del hiperv\u00ednculo<\/p>\n<p>Uso de los est\u00e1ndares del W3C: XHTML 1.0, CSS 3.0, WAI AA.<\/p><p><br><\/p>\n<p>Puede consultar en la p\u00e1gina de&nbsp;<a href=\"https:\/\/www.in-ura.com\/en\/documentos-legales\/\">Legal notice<\/a>&nbsp;para qu\u00e9 navegadores y versiones est\u00e1 optimizado este sitio web.<\/p>\t\t\t\t\t\t\t\t<\/div>\n\t\t\t\t<\/div>\n\t\t\t\t\t<\/div>\n\t\t<\/div>\n\t\t\t\t\t<\/div>\n\t\t<\/section>\n\t\t\t\t<\/div>","protected":false},"excerpt":{"rendered":"<p>Declaraci\u00f3n de Accesibilidad Marc Oll\u00e9 Huguet se ha comprometido a hacer accesibles sus sitios web de conformidad con el Real Decreto 1112\/2018, de 7 de septiembre Abre nueva ventana, sobre accesibilidad de los sitios web y aplicaciones para dispositivos m\u00f3viles del sector p\u00fablico (en adelante, Real Decreto 1112\/2018, de 7 de septiembre). La presente declaraci\u00f3n [&hellip;]<\/p>\n","protected":false},"author":1,"featured_media":2023,"parent":0,"menu_order":0,"comment_status":"closed","ping_status":"closed","template":"","meta":{"_monsterinsights_skip_tracking":false,"_monsterinsights_sitenote_active":false,"_monsterinsights_sitenote_note":"","_monsterinsights_sitenote_category":0,"site-sidebar-layout":"no-sidebar","site-content-layout":"page-builder","ast-site-content-layout":"full-width-container","site-content-style":"unboxed","site-sidebar-style":"unboxed","ast-global-header-display":"","ast-banner-title-visibility":"","ast-main-header-display":"","ast-hfb-above-header-display":"","ast-hfb-below-header-display":"","ast-hfb-mobile-header-display":"","site-post-title":"disabled","ast-breadcrumbs-content":"","ast-featured-img":"disabled","footer-sml-layout":"","ast-disable-related-posts":"","theme-transparent-header-meta":"enabled","adv-header-id-meta":"","stick-header-meta":"","header-above-stick-meta":"","header-main-stick-meta":"","header-below-stick-meta":"","astra-migrate-meta-layouts":"set","ast-page-background-enabled":"default","ast-page-background-meta":{"desktop":{"background-color":"var(--ast-global-color-4)","background-image":"","background-repeat":"repeat","background-position":"center center","background-size":"auto","background-attachment":"scroll","background-type":"","background-media":"","overlay-type":"","overlay-color":"","overlay-opacity":"","overlay-gradient":""},"tablet":{"background-color":"","background-image":"","background-repeat":"repeat","background-position":"center center","background-size":"auto","background-attachment":"scroll","background-type":"","background-media":"","overlay-type":"","overlay-color":"","overlay-opacity":"","overlay-gradient":""},"mobile":{"background-color":"","background-image":"","background-repeat":"repeat","background-position":"center center","background-size":"auto","background-attachment":"scroll","background-type":"","background-media":"","overlay-type":"","overlay-color":"","overlay-opacity":"","overlay-gradient":""}},"ast-content-background-meta":{"desktop":{"background-color":"var(--ast-global-color-5)","background-image":"","background-repeat":"repeat","background-position":"center center","background-size":"auto","background-attachment":"scroll","background-type":"","background-media":"","overlay-type":"","overlay-color":"","overlay-opacity":"","overlay-gradient":""},"tablet":{"background-color":"var(--ast-global-color-5)","background-image":"","background-repeat":"repeat","background-position":"center center","background-size":"auto","background-attachment":"scroll","background-type":"","background-media":"","overlay-type":"","overlay-color":"","overlay-opacity":"","overlay-gradient":""},"mobile":{"background-color":"var(--ast-global-color-5)","background-image":"","background-repeat":"repeat","background-position":"center center","background-size":"auto","background-attachment":"scroll","background-type":"","background-media":"","overlay-type":"","overlay-color":"","overlay-opacity":"","overlay-gradient":""}},"footnotes":""},"class_list":["post-1877","page","type-page","status-publish","has-post-thumbnail","hentry"],"yoast_head":"<!-- This site is optimized with the Yoast SEO plugin v27.3 - https:\/\/yoast.com\/product\/yoast-seo-wordpress\/ -->\n<title>Accesibilidad | Inura<\/title>\n<meta name=\"description\" content=\"Comprometidos con una navegaci\u00f3n accesible y usable para todos. Consulta nuestra declaraci\u00f3n de accesibilidad oficial en Inura.\" \/>\n<meta name=\"robots\" content=\"index, follow, max-snippet:-1, max-image-preview:large, max-video-preview:-1\" \/>\n<link rel=\"canonical\" href=\"https:\/\/www.in-ura.com\/en\/accesibilidad\/\" \/>\n<meta property=\"og:locale\" content=\"en_US\" \/>\n<meta property=\"og:type\" content=\"article\" \/>\n<meta property=\"og:title\" content=\"Accesibilidad | Inura\" \/>\n<meta property=\"og:description\" content=\"Comprometidos con una navegaci\u00f3n accesible y usable para todos. Consulta nuestra declaraci\u00f3n de accesibilidad oficial en Inura.\" \/>\n<meta property=\"og:url\" content=\"https:\/\/www.in-ura.com\/en\/accesibilidad\/\" \/>\n<meta property=\"og:site_name\" content=\"INURA - Create, live &amp; Inspire\" \/>\n<meta property=\"article:modified_time\" content=\"2025-11-19T15:54:26+00:00\" \/>\n<meta property=\"og:image\" content=\"https:\/\/www.in-ura.com\/wp-content\/uploads\/2025\/11\/imatge-tallada2-1-scaled-1.jpg\" \/>\n\t<meta property=\"og:image:width\" content=\"2560\" \/>\n\t<meta property=\"og:image:height\" content=\"1240\" \/>\n\t<meta property=\"og:image:type\" content=\"image\/jpeg\" \/>\n<meta name=\"twitter:card\" content=\"summary_large_image\" \/>\n<meta name=\"twitter:label1\" content=\"Est. reading time\" \/>\n\t<meta name=\"twitter:data1\" content=\"3 minutes\" \/>\n<script type=\"application\/ld+json\" class=\"yoast-schema-graph\">{\"@context\":\"https:\\\/\\\/schema.org\",\"@graph\":[{\"@type\":\"WebPage\",\"@id\":\"https:\\\/\\\/www.in-ura.com\\\/accesibilidad\\\/\",\"url\":\"https:\\\/\\\/www.in-ura.com\\\/accesibilidad\\\/\",\"name\":\"Accesibilidad | Inura\",\"isPartOf\":{\"@id\":\"https:\\\/\\\/www.in-ura.com\\\/#website\"},\"primaryImageOfPage\":{\"@id\":\"https:\\\/\\\/www.in-ura.com\\\/accesibilidad\\\/#primaryimage\"},\"image\":{\"@id\":\"https:\\\/\\\/www.in-ura.com\\\/accesibilidad\\\/#primaryimage\"},\"thumbnailUrl\":\"https:\\\/\\\/www.in-ura.com\\\/wp-content\\\/uploads\\\/2025\\\/11\\\/imatge-tallada2-1-scaled-1.jpg\",\"datePublished\":\"2025-11-07T10:00:58+00:00\",\"dateModified\":\"2025-11-19T15:54:26+00:00\",\"description\":\"Comprometidos con una navegaci\u00f3n accesible y usable para todos. Consulta nuestra declaraci\u00f3n de accesibilidad oficial en Inura.\",\"breadcrumb\":{\"@id\":\"https:\\\/\\\/www.in-ura.com\\\/accesibilidad\\\/#breadcrumb\"},\"inLanguage\":\"en-US\",\"potentialAction\":[{\"@type\":\"ReadAction\",\"target\":[\"https:\\\/\\\/www.in-ura.com\\\/accesibilidad\\\/\"]}]},{\"@type\":\"ImageObject\",\"inLanguage\":\"en-US\",\"@id\":\"https:\\\/\\\/www.in-ura.com\\\/accesibilidad\\\/#primaryimage\",\"url\":\"https:\\\/\\\/www.in-ura.com\\\/wp-content\\\/uploads\\\/2025\\\/11\\\/imatge-tallada2-1-scaled-1.jpg\",\"contentUrl\":\"https:\\\/\\\/www.in-ura.com\\\/wp-content\\\/uploads\\\/2025\\\/11\\\/imatge-tallada2-1-scaled-1.jpg\",\"width\":2560,\"height\":1240},{\"@type\":\"BreadcrumbList\",\"@id\":\"https:\\\/\\\/www.in-ura.com\\\/accesibilidad\\\/#breadcrumb\",\"itemListElement\":[{\"@type\":\"ListItem\",\"position\":1,\"name\":\"Portada\",\"item\":\"https:\\\/\\\/www.in-ura.com\\\/\"},{\"@type\":\"ListItem\",\"position\":2,\"name\":\"Accesibilidad\"}]},{\"@type\":\"WebSite\",\"@id\":\"https:\\\/\\\/www.in-ura.com\\\/#website\",\"url\":\"https:\\\/\\\/www.in-ura.com\\\/\",\"name\":\"INURA - Create, live & Inspire\",\"description\":\"INURA \u2013 Dise\u00f1o, estilo y armon\u00eda para tu espacio en Mallorca\",\"publisher\":{\"@id\":\"https:\\\/\\\/www.in-ura.com\\\/#organization\"},\"potentialAction\":[{\"@type\":\"SearchAction\",\"target\":{\"@type\":\"EntryPoint\",\"urlTemplate\":\"https:\\\/\\\/www.in-ura.com\\\/?s={search_term_string}\"},\"query-input\":{\"@type\":\"PropertyValueSpecification\",\"valueRequired\":true,\"valueName\":\"search_term_string\"}}],\"inLanguage\":\"en-US\"},{\"@type\":\"Organization\",\"@id\":\"https:\\\/\\\/www.in-ura.com\\\/#organization\",\"name\":\"INURA - Create, live & Inspire\",\"url\":\"https:\\\/\\\/www.in-ura.com\\\/\",\"logo\":{\"@type\":\"ImageObject\",\"inLanguage\":\"en-US\",\"@id\":\"https:\\\/\\\/www.in-ura.com\\\/#\\\/schema\\\/logo\\\/image\\\/\",\"url\":\"https:\\\/\\\/www.in-ura.com\\\/inura\\\/wp-content\\\/uploads\\\/2025\\\/11\\\/Mesa-de-trabajo-1@300x-scaled-1.png\",\"contentUrl\":\"https:\\\/\\\/www.in-ura.com\\\/inura\\\/wp-content\\\/uploads\\\/2025\\\/11\\\/Mesa-de-trabajo-1@300x-scaled-1.png\",\"width\":2560,\"height\":1117,\"caption\":\"INURA - Create, live & Inspire\"},\"image\":{\"@id\":\"https:\\\/\\\/www.in-ura.com\\\/#\\\/schema\\\/logo\\\/image\\\/\"},\"sameAs\":[\"https:\\\/\\\/www.instagram.com\\\/inura_design_hub\\\/\"]}]}<\/script>\n<!-- \/ Yoast SEO plugin. -->","yoast_head_json":{"title":"Accesibilidad | Inura","description":"Comprometidos con una navegaci\u00f3n accesible y usable para todos. Consulta nuestra declaraci\u00f3n de accesibilidad oficial en Inura.","robots":{"index":"index","follow":"follow","max-snippet":"max-snippet:-1","max-image-preview":"max-image-preview:large","max-video-preview":"max-video-preview:-1"},"canonical":"https:\/\/www.in-ura.com\/en\/accesibilidad\/","og_locale":"en_US","og_type":"article","og_title":"Accesibilidad | Inura","og_description":"Comprometidos con una navegaci\u00f3n accesible y usable para todos. Consulta nuestra declaraci\u00f3n de accesibilidad oficial en Inura.","og_url":"https:\/\/www.in-ura.com\/en\/accesibilidad\/","og_site_name":"INURA - Create, live &amp; Inspire","article_modified_time":"2025-11-19T15:54:26+00:00","og_image":[{"width":2560,"height":1240,"url":"https:\/\/www.in-ura.com\/wp-content\/uploads\/2025\/11\/imatge-tallada2-1-scaled-1.jpg","type":"image\/jpeg"}],"twitter_card":"summary_large_image","twitter_misc":{"Est. reading time":"3 minutes"},"schema":{"@context":"https:\/\/schema.org","@graph":[{"@type":"WebPage","@id":"https:\/\/www.in-ura.com\/accesibilidad\/","url":"https:\/\/www.in-ura.com\/accesibilidad\/","name":"Accesibilidad | Inura","isPartOf":{"@id":"https:\/\/www.in-ura.com\/#website"},"primaryImageOfPage":{"@id":"https:\/\/www.in-ura.com\/accesibilidad\/#primaryimage"},"image":{"@id":"https:\/\/www.in-ura.com\/accesibilidad\/#primaryimage"},"thumbnailUrl":"https:\/\/www.in-ura.com\/wp-content\/uploads\/2025\/11\/imatge-tallada2-1-scaled-1.jpg","datePublished":"2025-11-07T10:00:58+00:00","dateModified":"2025-11-19T15:54:26+00:00","description":"Comprometidos con una navegaci\u00f3n accesible y usable para todos. Consulta nuestra declaraci\u00f3n de accesibilidad oficial en Inura.","breadcrumb":{"@id":"https:\/\/www.in-ura.com\/accesibilidad\/#breadcrumb"},"inLanguage":"en-US","potentialAction":[{"@type":"ReadAction","target":["https:\/\/www.in-ura.com\/accesibilidad\/"]}]},{"@type":"ImageObject","inLanguage":"en-US","@id":"https:\/\/www.in-ura.com\/accesibilidad\/#primaryimage","url":"https:\/\/www.in-ura.com\/wp-content\/uploads\/2025\/11\/imatge-tallada2-1-scaled-1.jpg","contentUrl":"https:\/\/www.in-ura.com\/wp-content\/uploads\/2025\/11\/imatge-tallada2-1-scaled-1.jpg","width":2560,"height":1240},{"@type":"BreadcrumbList","@id":"https:\/\/www.in-ura.com\/accesibilidad\/#breadcrumb","itemListElement":[{"@type":"ListItem","position":1,"name":"Portada","item":"https:\/\/www.in-ura.com\/"},{"@type":"ListItem","position":2,"name":"Accesibilidad"}]},{"@type":"WebSite","@id":"https:\/\/www.in-ura.com\/#website","url":"https:\/\/www.in-ura.com\/","name":"INURA - Create, live & Inspire","description":"INURA \u2013 Dise\u00f1o, estilo y armon\u00eda para tu espacio en Mallorca","publisher":{"@id":"https:\/\/www.in-ura.com\/#organization"},"potentialAction":[{"@type":"SearchAction","target":{"@type":"EntryPoint","urlTemplate":"https:\/\/www.in-ura.com\/?s={search_term_string}"},"query-input":{"@type":"PropertyValueSpecification","valueRequired":true,"valueName":"search_term_string"}}],"inLanguage":"en-US"},{"@type":"Organization","@id":"https:\/\/www.in-ura.com\/#organization","name":"INURA - Create, live & Inspire","url":"https:\/\/www.in-ura.com\/","logo":{"@type":"ImageObject","inLanguage":"en-US","@id":"https:\/\/www.in-ura.com\/#\/schema\/logo\/image\/","url":"https:\/\/www.in-ura.com\/inura\/wp-content\/uploads\/2025\/11\/Mesa-de-trabajo-1@300x-scaled-1.png","contentUrl":"https:\/\/www.in-ura.com\/inura\/wp-content\/uploads\/2025\/11\/Mesa-de-trabajo-1@300x-scaled-1.png","width":2560,"height":1117,"caption":"INURA - Create, live & Inspire"},"image":{"@id":"https:\/\/www.in-ura.com\/#\/schema\/logo\/image\/"},"sameAs":["https:\/\/www.instagram.com\/inura_design_hub\/"]}]}},"_links":{"self":[{"href":"https:\/\/www.in-ura.com\/en\/wp-json\/wp\/v2\/pages\/1877","targetHints":{"allow":["GET"]}}],"collection":[{"href":"https:\/\/www.in-ura.com\/en\/wp-json\/wp\/v2\/pages"}],"about":[{"href":"https:\/\/www.in-ura.com\/en\/wp-json\/wp\/v2\/types\/page"}],"author":[{"embeddable":true,"href":"https:\/\/www.in-ura.com\/en\/wp-json\/wp\/v2\/users\/1"}],"replies":[{"embeddable":true,"href":"https:\/\/www.in-ura.com\/en\/wp-json\/wp\/v2\/comments?post=1877"}],"version-history":[{"count":8,"href":"https:\/\/www.in-ura.com\/en\/wp-json\/wp\/v2\/pages\/1877\/revisions"}],"predecessor-version":[{"id":2229,"href":"https:\/\/www.in-ura.com\/en\/wp-json\/wp\/v2\/pages\/1877\/revisions\/2229"}],"wp:featuredmedia":[{"embeddable":true,"href":"https:\/\/www.in-ura.com\/en\/wp-json\/wp\/v2\/media\/2023"}],"wp:attachment":[{"href":"https:\/\/www.in-ura.com\/en\/wp-json\/wp\/v2\/media?parent=1877"}],"curies":[{"name":"wp","href":"https:\/\/api.w.org\/{rel}","templated":true}]}}