{"id":1889,"date":"2025-11-07T10:11:48","date_gmt":"2025-11-07T10:11:48","guid":{"rendered":"https:\/\/www.in-ura.com\/inura\/?page_id=1889"},"modified":"2025-11-19T16:00:03","modified_gmt":"2025-11-19T16:00:03","slug":"politica-de-cookies","status":"publish","type":"page","link":"https:\/\/www.in-ura.com\/en\/politica-de-cookies\/","title":{"rendered":"Pol\u00edtica de Cookies"},"content":{"rendered":"<div data-elementor-type=\"wp-page\" data-elementor-id=\"1889\" class=\"elementor elementor-1889\" data-elementor-settings=\"{&quot;ha_cmc_init_switcher&quot;:&quot;no&quot;}\" data-elementor-post-type=\"page\">\n\t\t\t\t\t\t<section class=\"elementor-section elementor-top-section elementor-element elementor-element-ed6qqab elementor-section-full_width elementor-section-height-default elementor-section-height-default\" data-id=\"ed6qqab\" data-element_type=\"section\" data-e-type=\"section\" data-settings=\"{&quot;background_background&quot;:&quot;classic&quot;,&quot;_ha_eqh_enable&quot;:false}\">\n\t\t\t\t\t\t\t<div class=\"elementor-background-overlay\"><\/div>\n\t\t\t\t\t\t\t<div class=\"elementor-container elementor-column-gap-default\">\n\t\t\t\t\t<div class=\"elementor-column elementor-col-100 elementor-top-column elementor-element elementor-element-dd305b2\" data-id=\"dd305b2\" data-element_type=\"column\" data-e-type=\"column\">\n\t\t\t<div class=\"elementor-widget-wrap elementor-element-populated\">\n\t\t\t\t\t\t<div class=\"elementor-element elementor-element-573fe53 elementor-widget elementor-widget-heading\" data-id=\"573fe53\" data-element_type=\"widget\" data-e-type=\"widget\" data-widget_type=\"heading.default\">\n\t\t\t\t<div class=\"elementor-widget-container\">\n\t\t\t\t\t<h2 class=\"elementor-heading-title elementor-size-default\">Pol\u00edtica de Cookies<\/h2>\t\t\t\t<\/div>\n\t\t\t\t<\/div>\n\t\t\t\t\t<\/div>\n\t\t<\/div>\n\t\t\t\t\t<\/div>\n\t\t<\/section>\n\t\t\t\t<section class=\"elementor-section elementor-top-section elementor-element elementor-element-2be11c20 elementor-section-content-middle elementor-section-boxed elementor-section-height-default elementor-section-height-default\" data-id=\"2be11c20\" data-element_type=\"section\" data-e-type=\"section\" data-settings=\"{&quot;background_background&quot;:&quot;classic&quot;,&quot;_ha_eqh_enable&quot;:false}\">\n\t\t\t\t\t\t\t<div class=\"elementor-background-overlay\"><\/div>\n\t\t\t\t\t\t\t<div class=\"elementor-container elementor-column-gap-no\">\n\t\t\t\t\t<div class=\"elementor-column elementor-col-100 elementor-top-column elementor-element elementor-element-5fa171ee\" data-id=\"5fa171ee\" data-element_type=\"column\" data-e-type=\"column\">\n\t\t\t<div class=\"elementor-widget-wrap elementor-element-populated\">\n\t\t\t\t\t\t<div class=\"elementor-element elementor-element-3cfaa9a8 elementor-widget elementor-widget-text-editor\" data-id=\"3cfaa9a8\" data-element_type=\"widget\" data-e-type=\"widget\" data-widget_type=\"text-editor.default\">\n\t\t\t\t<div class=\"elementor-widget-container\">\n\t\t\t\t\t\t\t\t\t<p style=\"font-size: 18px; font-style: normal; font-weight: 400; font-family: Montserrat, sans-serif;\"><span style=\"color: #8d97ad; font-size: 25px;\">En cumplimiento con el art\u00edculo 22 de la Ley 34\/2002, de 11 de julio, de servicios de la sociedad de la informaci\u00f3n y de comercio electr\u00f3nico (LSSI), en relaci\u00f3n con el Reglamento (UE) 2016\/679 del Parlamento Europeo y del Consejo, de 27 de abril de 2016, General de Protecci\u00f3n de Datos (RGPD) y la Ley Org\u00e1nica 3\/2018, de 5 de diciembre, de Protecci\u00f3n de Datos y garant\u00eda de los derechos digitales (LOPDGDD), <strong><span style=\"color: #8d97ad; font-family: Montserrat, sans-serif; font-size: 25px;\">INURA<\/span><\/strong><\/span><span style=\"color: #8d97ad; font-size: 25px;\">\u00a0<\/span><span style=\"color: #8d97ad; font-size: 25px;\">pone a disposici\u00f3n de los usuarios la Pol\u00edtica de recogida y tratamiento de cookies del sitio Web.<\/span><br style=\"color: #8d97ad; font-size: 25px;\" \/><br style=\"color: #8d97ad; font-size: 25px;\" \/><span style=\"font-weight: bolder; color: #8d97ad; font-size: 25px;\">Qu\u00e9 son las Cookies<\/span><span style=\"color: #8d97ad; font-size: 25px;\">?<\/span><br style=\"color: #8d97ad; font-size: 25px;\" \/><span style=\"color: #8d97ad; font-size: 25px;\">Una Cookie es un fichero que se descarga en su ordenador al entrar a determinadas p\u00e1ginas web. Las cookies permiten a una p\u00e1gina web, entre otras cosas, almacenar y recuperar informaci\u00f3n sobre sus h\u00e1bitos de navegaci\u00f3n y \u2014dependiendo de la informaci\u00f3n que contengan y de la forma en que utilice su equipo\u2014 pueden utilizarse para identificarle.<\/span><br style=\"color: #8d97ad; font-size: 25px;\" \/><br style=\"color: #8d97ad; font-size: 25px;\" \/><span style=\"font-weight: bolder; color: #8d97ad; font-size: 25px;\">Cookies utilizadas en el sitio Web<\/span><br style=\"color: #8d97ad; font-size: 25px;\" \/><span style=\"color: #8d97ad; font-size: 25px;\">A continuaci\u00f3n se clasifican las cookies utilizadas por el sitio Web https:\/\/in-ura.com:<\/span><br style=\"color: #8d97ad; font-size: 25px;\" \/><span style=\"color: #8d97ad; font-size: 25px;\">Seg\u00fan la entidad que las gestiona<\/span><br style=\"color: #8d97ad; font-size: 25px;\" \/><br style=\"color: #8d97ad; font-size: 25px;\" \/><span style=\"color: #8d97ad; font-size: 25px;\">Cookies propias: Son aquellas enviadas y gestionadas directamente por <strong><span style=\"color: #8d97ad; font-family: Montserrat, sans-serif; font-size: 25px;\">INURA<\/span><\/strong><\/span><span style=\"color: #8d97ad; font-size: 25px;\">.<\/span><br style=\"color: #8d97ad; font-size: 25px;\" \/><br style=\"color: #8d97ad; font-size: 25px;\" \/><span style=\"font-weight: bolder; color: #8d97ad; font-size: 25px;\">Seg\u00fan su finalidad<\/span><\/p><p style=\"font-size: 18px; font-style: normal; font-family: Montserrat, sans-serif;\"><b><br style=\"color: #8d97ad; font-size: 25px;\" \/><\/b><span style=\"font-weight: bolder; color: #8d97ad; font-size: 25px;\">Cookies t\u00e9cnicas<\/span><span style=\"font-weight: 400; color: #8d97ad; font-size: 25px;\">: Son aquellas que permiten a los usuarios registrados navegar a trav\u00e9s del sitio Web, del \u00e1rea restringida y a utilizar sus diferentes funciones, como por ejemplo, el sistema de comentarios o el buscador. Cookies de personalizaci\u00f3n: Son aquellas que permiten a los usuarios acceder al Servicio con algunas caracter\u00edsticas de car\u00e1cter general predefinidas en funci\u00f3n de una serie de criterios establecidos por el usuario como, por ejemplo, el idioma o el tipo de navegador a trav\u00e9s del cual se conecta a este sitio Web.<\/span><br style=\"color: #8d97ad; font-size: 25px;\" \/><br style=\"color: #8d97ad; font-size: 25px;\" \/><span style=\"font-weight: bolder; color: #8d97ad; font-size: 25px;\">Seg\u00fan su duraci\u00f3n<\/span><br style=\"color: #8d97ad; font-size: 25px;\" \/><span style=\"font-weight: bolder; color: #8d97ad; font-size: 25px;\">Cookies de sesi\u00f3n<\/span><span style=\"font-weight: 400; color: #8d97ad; font-size: 25px;\">: Son aquellas dise\u00f1adas para recabar y almacenar datos mientras el usuario accede al sitio Web. Cookies persistentes: Son aquellas en las que los datos siguen almacenados en el terminal del usuario y pueden ser accedidos y tratados durante un per\u00edodo definido por el responsable de la cookie.<\/span><br style=\"color: #8d97ad; font-size: 25px;\" \/><br style=\"color: #8d97ad; font-size: 25px;\" \/><span style=\"font-weight: bolder; color: #8d97ad; font-size: 25px;\">Listado de cookies utilizadas<\/span><br style=\"color: #8d97ad; font-size: 25px;\" \/><span style=\"font-weight: 400; color: #8d97ad; font-size: 25px;\">Este sitio Web puede instalar las siguientes cookies:<\/span><br style=\"color: #8d97ad; font-size: 25px;\" \/><br style=\"color: #8d97ad; font-size: 25px;\" \/><span style=\"font-weight: 400; color: #8d97ad; font-size: 25px;\">Aceptaci\u00f3n o rechazo de la instalaci\u00f3n de cookies <strong><span style=\"color: #8d97ad; font-family: Montserrat, sans-serif; font-size: 25px;\">INURA<\/span><\/strong><\/span><span style=\"font-weight: 400; color: #8d97ad; font-size: 25px;\">\u00a0muestra informaci\u00f3n sobre su Pol\u00edtica de cookies en el banner de cookies accesible en todas las p\u00e1ginas del Sitio Web. El banner de cookies muestra informaci\u00f3n esencial sobre el tratamiento de datos y permite al usuario realizar las siguientes acciones:<\/span><br style=\"color: #8d97ad; font-size: 25px;\" \/><br style=\"color: #8d97ad; font-size: 25px;\" \/><span style=\"font-weight: 400; color: #8d97ad; font-size: 25px;\">Aceptar o rechazar la instalaci\u00f3n de cookies, o retirar el consentimiento previamente otorgado. Cambiar las preferencias de cookies desde la p\u00e1gina Personalizar Cookies, a la que puedes acceder desde el Aviso de Cookies. Obtener informaci\u00f3n adicional sobre la Pol\u00edtica de Cookies desde la p\u00e1gina Pol\u00edtica de cookies.<\/span><br style=\"color: #8d97ad; font-size: 25px;\" \/><br style=\"color: #8d97ad; font-size: 25px;\" \/><span style=\"font-weight: bolder; color: #8d97ad; font-size: 25px;\">Eliminaci\u00f3n de cookies<\/span><br style=\"color: #8d97ad; font-size: 25px;\" \/><span style=\"font-weight: 400; color: #8d97ad; font-size: 25px;\">Usted puede aceptar, bloquear o eliminar las cookies instaladas en su equipo mediante la configuraci\u00f3n de las opciones del navegador, pero parte del sitio no funcionar\u00e1 correctamente o su calidad puede verse afectada.<\/span><br style=\"color: #8d97ad; font-size: 25px;\" \/><br style=\"color: #8d97ad; font-size: 25px;\" \/><span style=\"font-weight: 400; color: #8d97ad; font-size: 25px;\">En los siguientes enlaces encontrar\u00e1 instrucciones para habilitar o deshabilitar las cookies en los navegadores m\u00e1s comunes.<\/span><br style=\"color: #8d97ad; font-size: 25px;\" \/><br style=\"color: #8d97ad; font-size: 25px;\" \/><span style=\"font-weight: 400; color: #8d97ad; font-size: 25px;\">Firefox\u00a0<\/span><a style=\"font-weight: 400; color: #f4623a; background-color: #ffffff; font-size: 25px;\" href=\"http:\/\/support.mozilla.org\/es\/kb\/habilitar-y-deshabilitar-cookies-que-los-sitios-we\">http:\/\/support.mozilla.org\/es\/kb\/habilitar-y-deshabilitar-cookies-que-los-sitios-we<\/a><br style=\"color: #8d97ad; font-size: 25px;\" \/><br style=\"color: #8d97ad; font-size: 25px;\" \/><span style=\"font-weight: 400; color: #8d97ad; font-size: 25px;\">Google Chrome\u00a0<\/span><a style=\"font-weight: 400; color: #f4623a; background-color: #ffffff; font-size: 25px;\" href=\"https:\/\/support.google.com\/chrome\/answer\/95647?hl=es\">https:\/\/support.google.com\/chrome\/answer\/95647?hl=es<\/a><br style=\"color: #8d97ad; font-size: 25px;\" \/><br style=\"color: #8d97ad; font-size: 25px;\" \/><span style=\"font-weight: 400; color: #8d97ad; font-size: 25px;\">Internet Explorer\u00a0<\/span><a style=\"font-weight: 400; color: #f4623a; background-color: #ffffff; font-size: 25px;\" href=\"https:\/\/support.microsoft.com\/es-es\/help\/17442\/windows-internet-explorer-delete-manage-cookies#ie=%E2%80%9Die-10\">https:\/\/support.microsoft.com\/es-es\/help\/17442\/windows-internet-explorer-delete-manage-cookies#ie=\u201die-10<\/a><br style=\"color: #8d97ad; font-size: 25px;\" \/><br style=\"color: #8d97ad; font-size: 25px;\" \/><span style=\"font-weight: 400; color: #8d97ad; font-size: 25px;\">Microsoft Edge\u00a0<\/span><a style=\"font-weight: 400; color: #f4623a; background-color: #ffffff; font-size: 25px;\" href=\"https:\/\/support.microsoft.com\/es-es\/help\/4468242\/microsoft-edge-browsing-data-and-privacy\">https:\/\/support.microsoft.com\/es-es\/help\/4468242\/microsoft-edge-browsing-data-and-privacy<\/a><br style=\"color: #8d97ad; font-size: 25px;\" \/><br style=\"color: #8d97ad; font-size: 25px;\" \/><span style=\"font-weight: 400; color: #8d97ad; font-size: 25px;\">Safari\u00a0<\/span><a style=\"font-weight: 400; color: #f4623a; background-color: #ffffff; font-size: 25px;\" href=\"http:\/\/support.apple.com\/kb\/HT1677?viewlocale=es_ES\">http:\/\/support.apple.com\/kb\/HT1677?viewlocale=es_ES<\/a><br style=\"color: #8d97ad; font-size: 25px;\" \/><br style=\"color: #8d97ad; font-size: 25px;\" \/><span style=\"font-weight: bolder; color: #8d97ad; font-size: 25px;\">Tratamiento de Datos Personales<\/span><br style=\"color: #8d97ad; font-size: 25px;\" \/><span style=\"color: #8d97ad; font-size: 25px;\"><strong><span style=\"color: #8d97ad; font-family: Montserrat, sans-serif; font-size: 25px;\">INURA<\/span><\/strong> <\/span><span style=\"font-weight: 400; color: #8d97ad; font-size: 25px;\">es la Responsable del tratamiento de los datos personales del usuario. Usted puede consultar toda la informaci\u00f3n relativa al tratamiento de datos personales que recoge el Titular en la p\u00e1gina de Pol\u00edtica de Privacidad.<\/span><br style=\"color: #8d97ad; font-size: 25px;\" \/><br style=\"color: #8d97ad; font-size: 25px;\" \/><span style=\"font-weight: bolder; color: #8d97ad; font-size: 25px;\">CONTACT<\/span><br style=\"color: #8d97ad; font-size: 25px;\" \/><span style=\"font-weight: 400; color: #8d97ad; font-size: 25px;\">En caso de que tenga cualquier duda acerca de esta Pol\u00edtica de Cookies o quiera realizar cualquier comentario sobre este sitio Web, puede enviar un mensaje de correo electr\u00f3nico a la direcci\u00f3n info@in-ura.com<\/span><\/p>\t\t\t\t\t\t\t\t<\/div>\n\t\t\t\t<\/div>\n\t\t\t\t\t<\/div>\n\t\t<\/div>\n\t\t\t\t\t<\/div>\n\t\t<\/section>\n\t\t\t\t<\/div>","protected":false},"excerpt":{"rendered":"<p>Pol\u00edtica de Cookies En cumplimiento con el art\u00edculo 22 de la Ley 34\/2002, de 11 de julio, de servicios de la sociedad de la informaci\u00f3n y de comercio electr\u00f3nico (LSSI), en relaci\u00f3n con el Reglamento (UE) 2016\/679 del Parlamento Europeo y del Consejo, de 27 de abril de 2016, General de Protecci\u00f3n de Datos (RGPD) [&hellip;]<\/p>\n","protected":false},"author":1,"featured_media":2023,"parent":0,"menu_order":0,"comment_status":"closed","ping_status":"closed","template":"","meta":{"_monsterinsights_skip_tracking":false,"_monsterinsights_sitenote_active":false,"_monsterinsights_sitenote_note":"","_monsterinsights_sitenote_category":0,"site-sidebar-layout":"no-sidebar","site-content-layout":"page-builder","ast-site-content-layout":"full-width-container","site-content-style":"unboxed","site-sidebar-style":"unboxed","ast-global-header-display":"","ast-banner-title-visibility":"","ast-main-header-display":"","ast-hfb-above-header-display":"","ast-hfb-below-header-display":"","ast-hfb-mobile-header-display":"","site-post-title":"disabled","ast-breadcrumbs-content":"","ast-featured-img":"disabled","footer-sml-layout":"","ast-disable-related-posts":"","theme-transparent-header-meta":"enabled","adv-header-id-meta":"","stick-header-meta":"","header-above-stick-meta":"","header-main-stick-meta":"","header-below-stick-meta":"","astra-migrate-meta-layouts":"set","ast-page-background-enabled":"default","ast-page-background-meta":{"desktop":{"background-color":"var(--ast-global-color-4)","background-image":"","background-repeat":"repeat","background-position":"center center","background-size":"auto","background-attachment":"scroll","background-type":"","background-media":"","overlay-type":"","overlay-color":"","overlay-opacity":"","overlay-gradient":""},"tablet":{"background-color":"","background-image":"","background-repeat":"repeat","background-position":"center center","background-size":"auto","background-attachment":"scroll","background-type":"","background-media":"","overlay-type":"","overlay-color":"","overlay-opacity":"","overlay-gradient":""},"mobile":{"background-color":"","background-image":"","background-repeat":"repeat","background-position":"center center","background-size":"auto","background-attachment":"scroll","background-type":"","background-media":"","overlay-type":"","overlay-color":"","overlay-opacity":"","overlay-gradient":""}},"ast-content-background-meta":{"desktop":{"background-color":"var(--ast-global-color-5)","background-image":"","background-repeat":"repeat","background-position":"center center","background-size":"auto","background-attachment":"scroll","background-type":"","background-media":"","overlay-type":"","overlay-color":"","overlay-opacity":"","overlay-gradient":""},"tablet":{"background-color":"var(--ast-global-color-5)","background-image":"","background-repeat":"repeat","background-position":"center center","background-size":"auto","background-attachment":"scroll","background-type":"","background-media":"","overlay-type":"","overlay-color":"","overlay-opacity":"","overlay-gradient":""},"mobile":{"background-color":"var(--ast-global-color-5)","background-image":"","background-repeat":"repeat","background-position":"center center","background-size":"auto","background-attachment":"scroll","background-type":"","background-media":"","overlay-type":"","overlay-color":"","overlay-opacity":"","overlay-gradient":""}},"footnotes":""},"class_list":["post-1889","page","type-page","status-publish","has-post-thumbnail","hentry"],"yoast_head":"<!-- This site is optimized with the Yoast SEO plugin v27.3 - https:\/\/yoast.com\/product\/yoast-seo-wordpress\/ -->\n<title>Pol\u00edtica de Cookies | Inura<\/title>\n<meta name=\"description\" content=\"Inf\u00f3rmate sobre las cookies que utiliza Inura para mejorar tu experiencia y personalizar la navegaci\u00f3n en nuestro sitio web.\" \/>\n<meta name=\"robots\" content=\"noindex, nofollow\" \/>\n<meta property=\"og:locale\" content=\"en_US\" \/>\n<meta property=\"og:type\" content=\"article\" \/>\n<meta property=\"og:title\" content=\"Pol\u00edtica de Cookies | Inura\" \/>\n<meta property=\"og:description\" content=\"Inf\u00f3rmate sobre las cookies que utiliza Inura para mejorar tu experiencia y personalizar la navegaci\u00f3n en nuestro sitio web.\" \/>\n<meta property=\"og:url\" content=\"https:\/\/www.in-ura.com\/en\/politica-de-cookies\/\" \/>\n<meta property=\"og:site_name\" content=\"INURA - Create, live &amp; Inspire\" \/>\n<meta property=\"article:modified_time\" content=\"2025-11-19T16:00:03+00:00\" \/>\n<meta property=\"og:image\" content=\"https:\/\/www.in-ura.com\/wp-content\/uploads\/2025\/11\/imatge-tallada2-1-scaled-1.jpg\" \/>\n\t<meta property=\"og:image:width\" content=\"2560\" \/>\n\t<meta property=\"og:image:height\" content=\"1240\" \/>\n\t<meta property=\"og:image:type\" content=\"image\/jpeg\" \/>\n<meta name=\"twitter:card\" content=\"summary_large_image\" \/>\n<meta name=\"twitter:label1\" content=\"Est. reading time\" \/>\n\t<meta name=\"twitter:data1\" content=\"3 minutes\" \/>\n<script type=\"application\/ld+json\" class=\"yoast-schema-graph\">{\"@context\":\"https:\\\/\\\/schema.org\",\"@graph\":[{\"@type\":\"WebPage\",\"@id\":\"https:\\\/\\\/www.in-ura.com\\\/politica-de-cookies\\\/\",\"url\":\"https:\\\/\\\/www.in-ura.com\\\/politica-de-cookies\\\/\",\"name\":\"Pol\u00edtica de Cookies | Inura\",\"isPartOf\":{\"@id\":\"https:\\\/\\\/www.in-ura.com\\\/#website\"},\"primaryImageOfPage\":{\"@id\":\"https:\\\/\\\/www.in-ura.com\\\/politica-de-cookies\\\/#primaryimage\"},\"image\":{\"@id\":\"https:\\\/\\\/www.in-ura.com\\\/politica-de-cookies\\\/#primaryimage\"},\"thumbnailUrl\":\"https:\\\/\\\/www.in-ura.com\\\/wp-content\\\/uploads\\\/2025\\\/11\\\/imatge-tallada2-1-scaled-1.jpg\",\"datePublished\":\"2025-11-07T10:11:48+00:00\",\"dateModified\":\"2025-11-19T16:00:03+00:00\",\"description\":\"Inf\u00f3rmate sobre las cookies que utiliza Inura para mejorar tu experiencia y personalizar la navegaci\u00f3n en nuestro sitio web.\",\"breadcrumb\":{\"@id\":\"https:\\\/\\\/www.in-ura.com\\\/politica-de-cookies\\\/#breadcrumb\"},\"inLanguage\":\"en-US\",\"potentialAction\":[{\"@type\":\"ReadAction\",\"target\":[\"https:\\\/\\\/www.in-ura.com\\\/politica-de-cookies\\\/\"]}]},{\"@type\":\"ImageObject\",\"inLanguage\":\"en-US\",\"@id\":\"https:\\\/\\\/www.in-ura.com\\\/politica-de-cookies\\\/#primaryimage\",\"url\":\"https:\\\/\\\/www.in-ura.com\\\/wp-content\\\/uploads\\\/2025\\\/11\\\/imatge-tallada2-1-scaled-1.jpg\",\"contentUrl\":\"https:\\\/\\\/www.in-ura.com\\\/wp-content\\\/uploads\\\/2025\\\/11\\\/imatge-tallada2-1-scaled-1.jpg\",\"width\":2560,\"height\":1240},{\"@type\":\"BreadcrumbList\",\"@id\":\"https:\\\/\\\/www.in-ura.com\\\/politica-de-cookies\\\/#breadcrumb\",\"itemListElement\":[{\"@type\":\"ListItem\",\"position\":1,\"name\":\"Portada\",\"item\":\"https:\\\/\\\/www.in-ura.com\\\/\"},{\"@type\":\"ListItem\",\"position\":2,\"name\":\"Pol\u00edtica de Cookies\"}]},{\"@type\":\"WebSite\",\"@id\":\"https:\\\/\\\/www.in-ura.com\\\/#website\",\"url\":\"https:\\\/\\\/www.in-ura.com\\\/\",\"name\":\"INURA - Create, live & Inspire\",\"description\":\"INURA \u2013 Dise\u00f1o, estilo y armon\u00eda para tu espacio en Mallorca\",\"publisher\":{\"@id\":\"https:\\\/\\\/www.in-ura.com\\\/#organization\"},\"potentialAction\":[{\"@type\":\"SearchAction\",\"target\":{\"@type\":\"EntryPoint\",\"urlTemplate\":\"https:\\\/\\\/www.in-ura.com\\\/?s={search_term_string}\"},\"query-input\":{\"@type\":\"PropertyValueSpecification\",\"valueRequired\":true,\"valueName\":\"search_term_string\"}}],\"inLanguage\":\"en-US\"},{\"@type\":\"Organization\",\"@id\":\"https:\\\/\\\/www.in-ura.com\\\/#organization\",\"name\":\"INURA - Create, live & Inspire\",\"url\":\"https:\\\/\\\/www.in-ura.com\\\/\",\"logo\":{\"@type\":\"ImageObject\",\"inLanguage\":\"en-US\",\"@id\":\"https:\\\/\\\/www.in-ura.com\\\/#\\\/schema\\\/logo\\\/image\\\/\",\"url\":\"https:\\\/\\\/www.in-ura.com\\\/inura\\\/wp-content\\\/uploads\\\/2025\\\/11\\\/Mesa-de-trabajo-1@300x-scaled-1.png\",\"contentUrl\":\"https:\\\/\\\/www.in-ura.com\\\/inura\\\/wp-content\\\/uploads\\\/2025\\\/11\\\/Mesa-de-trabajo-1@300x-scaled-1.png\",\"width\":2560,\"height\":1117,\"caption\":\"INURA - Create, live & Inspire\"},\"image\":{\"@id\":\"https:\\\/\\\/www.in-ura.com\\\/#\\\/schema\\\/logo\\\/image\\\/\"},\"sameAs\":[\"https:\\\/\\\/www.instagram.com\\\/inura_design_hub\\\/\"]}]}<\/script>\n<!-- \/ Yoast SEO plugin. -->","yoast_head_json":{"title":"Pol\u00edtica de Cookies | Inura","description":"Inf\u00f3rmate sobre las cookies que utiliza Inura para mejorar tu experiencia y personalizar la navegaci\u00f3n en nuestro sitio web.","robots":{"index":"noindex","follow":"nofollow"},"og_locale":"en_US","og_type":"article","og_title":"Pol\u00edtica de Cookies | Inura","og_description":"Inf\u00f3rmate sobre las cookies que utiliza Inura para mejorar tu experiencia y personalizar la navegaci\u00f3n en nuestro sitio web.","og_url":"https:\/\/www.in-ura.com\/en\/politica-de-cookies\/","og_site_name":"INURA - Create, live &amp; Inspire","article_modified_time":"2025-11-19T16:00:03+00:00","og_image":[{"width":2560,"height":1240,"url":"https:\/\/www.in-ura.com\/wp-content\/uploads\/2025\/11\/imatge-tallada2-1-scaled-1.jpg","type":"image\/jpeg"}],"twitter_card":"summary_large_image","twitter_misc":{"Est. reading time":"3 minutes"},"schema":{"@context":"https:\/\/schema.org","@graph":[{"@type":"WebPage","@id":"https:\/\/www.in-ura.com\/politica-de-cookies\/","url":"https:\/\/www.in-ura.com\/politica-de-cookies\/","name":"Pol\u00edtica de Cookies | Inura","isPartOf":{"@id":"https:\/\/www.in-ura.com\/#website"},"primaryImageOfPage":{"@id":"https:\/\/www.in-ura.com\/politica-de-cookies\/#primaryimage"},"image":{"@id":"https:\/\/www.in-ura.com\/politica-de-cookies\/#primaryimage"},"thumbnailUrl":"https:\/\/www.in-ura.com\/wp-content\/uploads\/2025\/11\/imatge-tallada2-1-scaled-1.jpg","datePublished":"2025-11-07T10:11:48+00:00","dateModified":"2025-11-19T16:00:03+00:00","description":"Inf\u00f3rmate sobre las cookies que utiliza Inura para mejorar tu experiencia y personalizar la navegaci\u00f3n en nuestro sitio web.","breadcrumb":{"@id":"https:\/\/www.in-ura.com\/politica-de-cookies\/#breadcrumb"},"inLanguage":"en-US","potentialAction":[{"@type":"ReadAction","target":["https:\/\/www.in-ura.com\/politica-de-cookies\/"]}]},{"@type":"ImageObject","inLanguage":"en-US","@id":"https:\/\/www.in-ura.com\/politica-de-cookies\/#primaryimage","url":"https:\/\/www.in-ura.com\/wp-content\/uploads\/2025\/11\/imatge-tallada2-1-scaled-1.jpg","contentUrl":"https:\/\/www.in-ura.com\/wp-content\/uploads\/2025\/11\/imatge-tallada2-1-scaled-1.jpg","width":2560,"height":1240},{"@type":"BreadcrumbList","@id":"https:\/\/www.in-ura.com\/politica-de-cookies\/#breadcrumb","itemListElement":[{"@type":"ListItem","position":1,"name":"Portada","item":"https:\/\/www.in-ura.com\/"},{"@type":"ListItem","position":2,"name":"Pol\u00edtica de Cookies"}]},{"@type":"WebSite","@id":"https:\/\/www.in-ura.com\/#website","url":"https:\/\/www.in-ura.com\/","name":"INURA - Create, live & Inspire","description":"INURA \u2013 Dise\u00f1o, estilo y armon\u00eda para tu espacio en Mallorca","publisher":{"@id":"https:\/\/www.in-ura.com\/#organization"},"potentialAction":[{"@type":"SearchAction","target":{"@type":"EntryPoint","urlTemplate":"https:\/\/www.in-ura.com\/?s={search_term_string}"},"query-input":{"@type":"PropertyValueSpecification","valueRequired":true,"valueName":"search_term_string"}}],"inLanguage":"en-US"},{"@type":"Organization","@id":"https:\/\/www.in-ura.com\/#organization","name":"INURA - Create, live & Inspire","url":"https:\/\/www.in-ura.com\/","logo":{"@type":"ImageObject","inLanguage":"en-US","@id":"https:\/\/www.in-ura.com\/#\/schema\/logo\/image\/","url":"https:\/\/www.in-ura.com\/inura\/wp-content\/uploads\/2025\/11\/Mesa-de-trabajo-1@300x-scaled-1.png","contentUrl":"https:\/\/www.in-ura.com\/inura\/wp-content\/uploads\/2025\/11\/Mesa-de-trabajo-1@300x-scaled-1.png","width":2560,"height":1117,"caption":"INURA - Create, live & Inspire"},"image":{"@id":"https:\/\/www.in-ura.com\/#\/schema\/logo\/image\/"},"sameAs":["https:\/\/www.instagram.com\/inura_design_hub\/"]}]}},"_links":{"self":[{"href":"https:\/\/www.in-ura.com\/en\/wp-json\/wp\/v2\/pages\/1889","targetHints":{"allow":["GET"]}}],"collection":[{"href":"https:\/\/www.in-ura.com\/en\/wp-json\/wp\/v2\/pages"}],"about":[{"href":"https:\/\/www.in-ura.com\/en\/wp-json\/wp\/v2\/types\/page"}],"author":[{"embeddable":true,"href":"https:\/\/www.in-ura.com\/en\/wp-json\/wp\/v2\/users\/1"}],"replies":[{"embeddable":true,"href":"https:\/\/www.in-ura.com\/en\/wp-json\/wp\/v2\/comments?post=1889"}],"version-history":[{"count":8,"href":"https:\/\/www.in-ura.com\/en\/wp-json\/wp\/v2\/pages\/1889\/revisions"}],"predecessor-version":[{"id":2234,"href":"https:\/\/www.in-ura.com\/en\/wp-json\/wp\/v2\/pages\/1889\/revisions\/2234"}],"wp:featuredmedia":[{"embeddable":true,"href":"https:\/\/www.in-ura.com\/en\/wp-json\/wp\/v2\/media\/2023"}],"wp:attachment":[{"href":"https:\/\/www.in-ura.com\/en\/wp-json\/wp\/v2\/media?parent=1889"}],"curies":[{"name":"wp","href":"https:\/\/api.w.org\/{rel}","templated":true}]}}