{"id":2021,"date":"2025-11-07T15:31:11","date_gmt":"2025-11-07T15:31:11","guid":{"rendered":"https:\/\/www.in-ura.com\/inura\/?page_id=2021"},"modified":"2025-11-20T15:36:07","modified_gmt":"2025-11-20T15:36:07","slug":"nosotros","status":"publish","type":"page","link":"https:\/\/www.in-ura.com\/en\/nosotros\/","title":{"rendered":"ABOUT US"},"content":{"rendered":"<div data-elementor-type=\"wp-page\" data-elementor-id=\"2021\" class=\"elementor elementor-2021\" data-elementor-settings=\"{&quot;ha_cmc_init_switcher&quot;:&quot;no&quot;}\" data-elementor-post-type=\"page\">\n\t\t\t\t\t\t<section class=\"elementor-section elementor-top-section elementor-element elementor-element-57fbd008 elementor-section-height-min-height elementor-section-boxed elementor-section-height-default elementor-section-items-middle\" data-id=\"57fbd008\" data-element_type=\"section\" data-e-type=\"section\" data-settings=\"{&quot;background_background&quot;:&quot;classic&quot;,&quot;_ha_eqh_enable&quot;:false}\">\n\t\t\t\t\t\t\t<div class=\"elementor-background-overlay\"><\/div>\n\t\t\t\t\t\t\t<div class=\"elementor-container elementor-column-gap-default\">\n\t\t\t\t\t<div class=\"elementor-column elementor-col-100 elementor-top-column elementor-element elementor-element-2bf9dd0c\" data-id=\"2bf9dd0c\" data-element_type=\"column\" data-e-type=\"column\">\n\t\t\t<div class=\"elementor-widget-wrap elementor-element-populated\">\n\t\t\t\t\t\t<div class=\"elementor-element elementor-element-47b165b4 elementor-widget elementor-widget-heading\" data-id=\"47b165b4\" data-element_type=\"widget\" data-e-type=\"widget\" data-widget_type=\"heading.default\">\n\t\t\t\t<div class=\"elementor-widget-container\">\n\t\t\t\t\t<h2 class=\"elementor-heading-title elementor-size-default\">About us<\/h2>\t\t\t\t<\/div>\n\t\t\t\t<\/div>\n\t\t\t\t<div class=\"elementor-element elementor-element-65953c66 elementor-widget elementor-widget-text-editor\" data-id=\"65953c66\" data-element_type=\"widget\" data-e-type=\"widget\" data-widget_type=\"text-editor.default\">\n\t\t\t\t<div class=\"elementor-widget-container\">\n\t\t\t\t\t\t\t\t\t<p data-start=\"923\" data-end=\"969\">More than design, Identity<\/p><p data-start=\"971\" data-end=\"1109\">\u00a0<\/p>\t\t\t\t\t\t\t\t<\/div>\n\t\t\t\t<\/div>\n\t\t\t\t\t<\/div>\n\t\t<\/div>\n\t\t\t\t\t<\/div>\n\t\t<\/section>\n\t\t\t\t<section class=\"elementor-section elementor-top-section elementor-element elementor-element-1a35c830 elementor-section-boxed elementor-section-height-default elementor-section-height-default\" data-id=\"1a35c830\" data-element_type=\"section\" data-e-type=\"section\" data-settings=\"{&quot;_ha_eqh_enable&quot;:false}\">\n\t\t\t\t\t\t<div class=\"elementor-container elementor-column-gap-default\">\n\t\t\t\t\t<div class=\"elementor-column elementor-col-100 elementor-top-column elementor-element elementor-element-1d1d9258\" data-id=\"1d1d9258\" data-element_type=\"column\" data-e-type=\"column\">\n\t\t\t<div class=\"elementor-widget-wrap elementor-element-populated\">\n\t\t\t\t\t\t<section class=\"elementor-section elementor-inner-section elementor-element elementor-element-3a7ccb01 elementor-section-content-middle elementor-section-boxed elementor-section-height-default elementor-section-height-default\" data-id=\"3a7ccb01\" data-element_type=\"section\" data-e-type=\"section\" data-settings=\"{&quot;_ha_eqh_enable&quot;:false}\">\n\t\t\t\t\t\t<div class=\"elementor-container elementor-column-gap-default\">\n\t\t\t\t\t<div class=\"elementor-column elementor-col-50 elementor-inner-column elementor-element elementor-element-70421038\" data-id=\"70421038\" data-element_type=\"column\" data-e-type=\"column\">\n\t\t\t<div class=\"elementor-widget-wrap elementor-element-populated\">\n\t\t\t\t\t\t<div class=\"elementor-element elementor-element-1643bbf elementor-widget elementor-widget-heading\" data-id=\"1643bbf\" data-element_type=\"widget\" data-e-type=\"widget\" data-widget_type=\"heading.default\">\n\t\t\t\t<div class=\"elementor-widget-container\">\n\t\t\t\t\t<h2 class=\"elementor-heading-title elementor-size-default\"><b>Inura<\/b> is Spain\u2019s leading agency for the representation of luxury and design brands.<\/h2>\t\t\t\t<\/div>\n\t\t\t\t<\/div>\n\t\t\t\t\t<\/div>\n\t\t<\/div>\n\t\t\t\t<div class=\"elementor-column elementor-col-50 elementor-inner-column elementor-element elementor-element-398da224\" data-id=\"398da224\" data-element_type=\"column\" data-e-type=\"column\">\n\t\t\t<div class=\"elementor-widget-wrap elementor-element-populated\">\n\t\t\t\t\t\t<div class=\"elementor-element elementor-element-56007676 elementor-widget elementor-widget-text-editor\" data-id=\"56007676\" data-element_type=\"widget\" data-e-type=\"widget\" data-widget_type=\"text-editor.default\">\n\t\t\t\t<div class=\"elementor-widget-container\">\n\t\t\t\t\t\t\t\t\t<p data-start=\"293\" data-end=\"546\">We work closely with architects, interior designers, and specialized studios to provide each project with exclusive solutions of high aesthetic value.<\/p><p data-start=\"293\" data-end=\"546\"><br><\/p>\n<p data-start=\"548\" data-end=\"761\">Our portfolio includes prestigious international brands \u2014such as Gessi, Zanotta, Lumina, CodisBath, Novellini, and Tubes Radiatori\u2014 carefully selected for their exceptional design, continuous innovation, and impeccable quality.<\/p><p data-start=\"548\" data-end=\"761\"><br><\/p>\n<p data-start=\"763\" data-end=\"1045\">Founded by <strong data-start=\"775\" data-end=\"797\">Alba Gombau (1989)<\/strong> and <strong data-start=\"800\" data-end=\"820\">Marc Oll\u00e9 (1984)<\/strong>professionals with more than 15 years of experience in the sector, <b>Inura<\/b> offers technical and strategic support that ensures every project meets the highest standards of functionality, elegance, and exclusivity.<\/p>\t\t\t\t\t\t\t\t<\/div>\n\t\t\t\t<\/div>\n\t\t\t\t\t<\/div>\n\t\t<\/div>\n\t\t\t\t\t<\/div>\n\t\t<\/section>\n\t\t\t\t<div class=\"elementor-element elementor-element-2658ab5 elementor-widget-divider--view-line elementor-widget elementor-widget-divider\" data-id=\"2658ab5\" data-element_type=\"widget\" data-e-type=\"widget\" data-widget_type=\"divider.default\">\n\t\t\t\t<div class=\"elementor-widget-container\">\n\t\t\t\t\t\t\t<div class=\"elementor-divider\">\n\t\t\t<span class=\"elementor-divider-separator\">\n\t\t\t\t\t\t<\/span>\n\t\t<\/div>\n\t\t\t\t\t\t<\/div>\n\t\t\t\t<\/div>\n\t\t\t\t<section class=\"elementor-section elementor-inner-section elementor-element elementor-element-678da59d elementor-section-content-middle elementor-section-boxed elementor-section-height-default elementor-section-height-default\" data-id=\"678da59d\" data-element_type=\"section\" data-e-type=\"section\" data-settings=\"{&quot;_ha_eqh_enable&quot;:false}\">\n\t\t\t\t\t\t<div class=\"elementor-container elementor-column-gap-default\">\n\t\t\t\t\t<div class=\"elementor-column elementor-col-33 elementor-inner-column elementor-element elementor-element-61229ea9\" data-id=\"61229ea9\" data-element_type=\"column\" data-e-type=\"column\">\n\t\t\t<div class=\"elementor-widget-wrap elementor-element-populated\">\n\t\t\t\t\t\t<div class=\"elementor-element elementor-element-7d66764 elementor-widget elementor-widget-image\" data-id=\"7d66764\" data-element_type=\"widget\" data-e-type=\"widget\" data-widget_type=\"image.default\">\n\t\t\t\t<div class=\"elementor-widget-container\">\n\t\t\t\t\t\t\t\t\t\t\t\t\t\t\t<img decoding=\"async\" width=\"212\" height=\"212\" src=\"https:\/\/www.in-ura.com\/wp-content\/uploads\/2025\/11\/Mesa-de-trabajo-725@100x.png\" class=\"attachment-large size-large wp-image-2103\" alt=\"\" srcset=\"https:\/\/www.in-ura.com\/wp-content\/uploads\/2025\/11\/Mesa-de-trabajo-725@100x.png 212w, https:\/\/www.in-ura.com\/wp-content\/uploads\/2025\/11\/Mesa-de-trabajo-725@100x-150x150.png 150w\" sizes=\"(max-width: 212px) 100vw, 212px\" \/>\t\t\t\t\t\t\t\t\t\t\t\t\t\t\t<\/div>\n\t\t\t\t<\/div>\n\t\t\t\t<div class=\"elementor-element elementor-element-1d9c0080 elementor-widget elementor-widget-heading\" data-id=\"1d9c0080\" data-element_type=\"widget\" data-e-type=\"widget\" data-widget_type=\"heading.default\">\n\t\t\t\t<div class=\"elementor-widget-container\">\n\t\t\t\t\t<h3 class=\"elementor-heading-title elementor-size-default\">Excellence in Design<\/h3>\t\t\t\t<\/div>\n\t\t\t\t<\/div>\n\t\t\t\t<div class=\"elementor-element elementor-element-3513894c elementor-widget elementor-widget-text-editor\" data-id=\"3513894c\" data-element_type=\"widget\" data-e-type=\"widget\" data-widget_type=\"text-editor.default\">\n\t\t\t\t<div class=\"elementor-widget-container\">\n\t\t\t\t\t\t\t\t\t<p>We select brands that represent the very best of contemporary design, ensuring that every piece contributes beauty, coherence, and distinction to any space.<\/p>\t\t\t\t\t\t\t\t<\/div>\n\t\t\t\t<\/div>\n\t\t\t\t\t<\/div>\n\t\t<\/div>\n\t\t\t\t<div class=\"elementor-column elementor-col-33 elementor-inner-column elementor-element elementor-element-d9b733e\" data-id=\"d9b733e\" data-element_type=\"column\" data-e-type=\"column\">\n\t\t\t<div class=\"elementor-widget-wrap elementor-element-populated\">\n\t\t\t\t\t\t<div class=\"elementor-element elementor-element-45097de elementor-widget elementor-widget-image\" data-id=\"45097de\" data-element_type=\"widget\" data-e-type=\"widget\" data-widget_type=\"image.default\">\n\t\t\t\t<div class=\"elementor-widget-container\">\n\t\t\t\t\t\t\t\t\t\t\t\t\t\t\t<img decoding=\"async\" width=\"212\" height=\"212\" src=\"https:\/\/www.in-ura.com\/wp-content\/uploads\/2025\/11\/Mesa-de-trabajo-726@100x.png\" class=\"attachment-large size-large wp-image-2102\" alt=\"\" srcset=\"https:\/\/www.in-ura.com\/wp-content\/uploads\/2025\/11\/Mesa-de-trabajo-726@100x.png 212w, https:\/\/www.in-ura.com\/wp-content\/uploads\/2025\/11\/Mesa-de-trabajo-726@100x-150x150.png 150w\" sizes=\"(max-width: 212px) 100vw, 212px\" \/>\t\t\t\t\t\t\t\t\t\t\t\t\t\t\t<\/div>\n\t\t\t\t<\/div>\n\t\t\t\t<div class=\"elementor-element elementor-element-00988ab elementor-widget elementor-widget-heading\" data-id=\"00988ab\" data-element_type=\"widget\" data-e-type=\"widget\" data-widget_type=\"heading.default\">\n\t\t\t\t<div class=\"elementor-widget-container\">\n\t\t\t\t\t<h3 class=\"elementor-heading-title elementor-size-default\">Expert Guidance<\/h3>\t\t\t\t<\/div>\n\t\t\t\t<\/div>\n\t\t\t\t<div class=\"elementor-element elementor-element-8b880e1 elementor-widget elementor-widget-text-editor\" data-id=\"8b880e1\" data-element_type=\"widget\" data-e-type=\"widget\" data-widget_type=\"text-editor.default\">\n\t\t\t\t<div class=\"elementor-widget-container\">\n\t\t\t\t\t\t\t\t\t<p>We provide technical and strategic insight at every stage of the project, guaranteeing precise, efficient solutions that align with architectural and interior design requirements.<\/p>\t\t\t\t\t\t\t\t<\/div>\n\t\t\t\t<\/div>\n\t\t\t\t\t<\/div>\n\t\t<\/div>\n\t\t\t\t<div class=\"elementor-column elementor-col-33 elementor-inner-column elementor-element elementor-element-73652d2\" data-id=\"73652d2\" data-element_type=\"column\" data-e-type=\"column\">\n\t\t\t<div class=\"elementor-widget-wrap elementor-element-populated\">\n\t\t\t\t\t\t<div class=\"elementor-element elementor-element-e6eaf35 elementor-widget elementor-widget-image\" data-id=\"e6eaf35\" data-element_type=\"widget\" data-e-type=\"widget\" data-widget_type=\"image.default\">\n\t\t\t\t<div class=\"elementor-widget-container\">\n\t\t\t\t\t\t\t\t\t\t\t\t\t\t\t<img decoding=\"async\" width=\"211\" height=\"212\" src=\"https:\/\/www.in-ura.com\/wp-content\/uploads\/2025\/11\/Mesa-de-trabajo-727@100x.png\" class=\"attachment-large size-large wp-image-2101\" alt=\"\" srcset=\"https:\/\/www.in-ura.com\/wp-content\/uploads\/2025\/11\/Mesa-de-trabajo-727@100x.png 211w, https:\/\/www.in-ura.com\/wp-content\/uploads\/2025\/11\/Mesa-de-trabajo-727@100x-150x150.png 150w\" sizes=\"(max-width: 211px) 100vw, 211px\" \/>\t\t\t\t\t\t\t\t\t\t\t\t\t\t\t<\/div>\n\t\t\t\t<\/div>\n\t\t\t\t<div class=\"elementor-element elementor-element-e5207ee elementor-widget elementor-widget-heading\" data-id=\"e5207ee\" data-element_type=\"widget\" data-e-type=\"widget\" data-widget_type=\"heading.default\">\n\t\t\t\t<div class=\"elementor-widget-container\">\n\t\t\t\t\t<h3 class=\"elementor-heading-title elementor-size-default\">Commitment to Exclusivity<\/h3>\t\t\t\t<\/div>\n\t\t\t\t<\/div>\n\t\t\t\t<div class=\"elementor-element elementor-element-3a1e5a7 elementor-widget elementor-widget-text-editor\" data-id=\"3a1e5a7\" data-element_type=\"widget\" data-e-type=\"widget\" data-widget_type=\"text-editor.default\">\n\t\t\t\t<div class=\"elementor-widget-container\">\n\t\t\t\t\t\t\t\t\t<p>We work exclusively with internationally renowned brands, offering unique products that elevate every project and turn it into an unparalleled aesthetic experience.<\/p>\t\t\t\t\t\t\t\t<\/div>\n\t\t\t\t<\/div>\n\t\t\t\t\t<\/div>\n\t\t<\/div>\n\t\t\t\t\t<\/div>\n\t\t<\/section>\n\t\t\t\t\t<\/div>\n\t\t<\/div>\n\t\t\t\t\t<\/div>\n\t\t<\/section>\n\t\t\t\t<\/div>","protected":false},"excerpt":{"rendered":"<p>Acerca de nosotros M\u00e1s que dise\u00f1o, identidad \u00a0 Inura \u00e9s la agencia de referencia en Espa\u00f1a para la representaci\u00f3n de marcas de dise\u00f1o y lujo. Colaboramos estrechamente con arquitectos, interioristas y estudios especializados para llevar a cada proyecto soluciones exclusivas y de alto valor est\u00e9tico. Nuestro portafolio re\u00fane firmas internacionales de prestigio \u2014como Gessi, Zanotta, [&hellip;]<\/p>\n","protected":false},"author":1,"featured_media":2023,"parent":0,"menu_order":0,"comment_status":"closed","ping_status":"closed","template":"","meta":{"_monsterinsights_skip_tracking":false,"_monsterinsights_sitenote_active":false,"_monsterinsights_sitenote_note":"","_monsterinsights_sitenote_category":0,"site-sidebar-layout":"no-sidebar","site-content-layout":"page-builder","ast-site-content-layout":"full-width-container","site-content-style":"unboxed","site-sidebar-style":"unboxed","ast-global-header-display":"","ast-banner-title-visibility":"","ast-main-header-display":"","ast-hfb-above-header-display":"","ast-hfb-below-header-display":"","ast-hfb-mobile-header-display":"","site-post-title":"disabled","ast-breadcrumbs-content":"","ast-featured-img":"disabled","footer-sml-layout":"","ast-disable-related-posts":"","theme-transparent-header-meta":"enabled","adv-header-id-meta":"","stick-header-meta":"","header-above-stick-meta":"","header-main-stick-meta":"","header-below-stick-meta":"","astra-migrate-meta-layouts":"set","ast-page-background-enabled":"default","ast-page-background-meta":{"desktop":{"background-color":"var(--ast-global-color-4)","background-image":"","background-repeat":"repeat","background-position":"center center","background-size":"auto","background-attachment":"scroll","background-type":"","background-media":"","overlay-type":"","overlay-color":"","overlay-opacity":"","overlay-gradient":""},"tablet":{"background-color":"","background-image":"","background-repeat":"repeat","background-position":"center center","background-size":"auto","background-attachment":"scroll","background-type":"","background-media":"","overlay-type":"","overlay-color":"","overlay-opacity":"","overlay-gradient":""},"mobile":{"background-color":"","background-image":"","background-repeat":"repeat","background-position":"center center","background-size":"auto","background-attachment":"scroll","background-type":"","background-media":"","overlay-type":"","overlay-color":"","overlay-opacity":"","overlay-gradient":""}},"ast-content-background-meta":{"desktop":{"background-color":"var(--ast-global-color-5)","background-image":"","background-repeat":"repeat","background-position":"center center","background-size":"auto","background-attachment":"scroll","background-type":"","background-media":"","overlay-type":"","overlay-color":"","overlay-opacity":"","overlay-gradient":""},"tablet":{"background-color":"var(--ast-global-color-5)","background-image":"","background-repeat":"repeat","background-position":"center center","background-size":"auto","background-attachment":"scroll","background-type":"","background-media":"","overlay-type":"","overlay-color":"","overlay-opacity":"","overlay-gradient":""},"mobile":{"background-color":"var(--ast-global-color-5)","background-image":"","background-repeat":"repeat","background-position":"center center","background-size":"auto","background-attachment":"scroll","background-type":"","background-media":"","overlay-type":"","overlay-color":"","overlay-opacity":"","overlay-gradient":""}},"footnotes":""},"class_list":["post-2021","page","type-page","status-publish","has-post-thumbnail","hentry"],"yoast_head":"<!-- This site is optimized with the Yoast SEO plugin v27.3 - https:\/\/yoast.com\/product\/yoast-seo-wordpress\/ -->\n<title>Sobre Nosotros | Inura \u2013 Agencia de Dise\u00f1o en Mallorca<\/title>\n<meta name=\"description\" content=\"Inura es la agencia de referencia en Espa\u00f1a en dise\u00f1o y lujo. Representamos marcas exclusivas y acompa\u00f1amos a arquitectos e interioristas en proyectos premium.\" \/>\n<meta name=\"robots\" content=\"index, follow, max-snippet:-1, max-image-preview:large, max-video-preview:-1\" \/>\n<link rel=\"canonical\" href=\"https:\/\/www.in-ura.com\/en\/nosotros\/\" \/>\n<meta property=\"og:locale\" content=\"en_US\" \/>\n<meta property=\"og:type\" content=\"article\" \/>\n<meta property=\"og:title\" content=\"Sobre Nosotros | Inura \u2013 Agencia de Dise\u00f1o en Mallorca\" \/>\n<meta property=\"og:description\" content=\"Inura es la agencia de referencia en Espa\u00f1a en dise\u00f1o y lujo. Representamos marcas exclusivas y acompa\u00f1amos a arquitectos e interioristas en proyectos premium.\" \/>\n<meta property=\"og:url\" content=\"https:\/\/www.in-ura.com\/en\/nosotros\/\" \/>\n<meta property=\"og:site_name\" content=\"INURA - Create, live &amp; Inspire\" \/>\n<meta property=\"article:modified_time\" content=\"2025-11-20T15:36:07+00:00\" \/>\n<meta property=\"og:image\" content=\"https:\/\/www.in-ura.com\/wp-content\/uploads\/2025\/11\/imatge-tallada2-1-scaled-1.jpg\" \/>\n\t<meta property=\"og:image:width\" content=\"2560\" \/>\n\t<meta property=\"og:image:height\" content=\"1240\" \/>\n\t<meta property=\"og:image:type\" content=\"image\/jpeg\" \/>\n<meta name=\"twitter:card\" content=\"summary_large_image\" \/>\n<script type=\"application\/ld+json\" class=\"yoast-schema-graph\">{\"@context\":\"https:\\\/\\\/schema.org\",\"@graph\":[{\"@type\":\"WebPage\",\"@id\":\"https:\\\/\\\/www.in-ura.com\\\/nosotros\\\/\",\"url\":\"https:\\\/\\\/www.in-ura.com\\\/nosotros\\\/\",\"name\":\"Sobre Nosotros | Inura \u2013 Agencia de Dise\u00f1o en Mallorca\",\"isPartOf\":{\"@id\":\"https:\\\/\\\/www.in-ura.com\\\/#website\"},\"primaryImageOfPage\":{\"@id\":\"https:\\\/\\\/www.in-ura.com\\\/nosotros\\\/#primaryimage\"},\"image\":{\"@id\":\"https:\\\/\\\/www.in-ura.com\\\/nosotros\\\/#primaryimage\"},\"thumbnailUrl\":\"https:\\\/\\\/www.in-ura.com\\\/wp-content\\\/uploads\\\/2025\\\/11\\\/imatge-tallada2-1-scaled-1.jpg\",\"datePublished\":\"2025-11-07T15:31:11+00:00\",\"dateModified\":\"2025-11-20T15:36:07+00:00\",\"description\":\"Inura es la agencia de referencia en Espa\u00f1a en dise\u00f1o y lujo. Representamos marcas exclusivas y acompa\u00f1amos a arquitectos e interioristas en proyectos premium.\",\"breadcrumb\":{\"@id\":\"https:\\\/\\\/www.in-ura.com\\\/nosotros\\\/#breadcrumb\"},\"inLanguage\":\"en-US\",\"potentialAction\":[{\"@type\":\"ReadAction\",\"target\":[\"https:\\\/\\\/www.in-ura.com\\\/nosotros\\\/\"]}]},{\"@type\":\"ImageObject\",\"inLanguage\":\"en-US\",\"@id\":\"https:\\\/\\\/www.in-ura.com\\\/nosotros\\\/#primaryimage\",\"url\":\"https:\\\/\\\/www.in-ura.com\\\/wp-content\\\/uploads\\\/2025\\\/11\\\/imatge-tallada2-1-scaled-1.jpg\",\"contentUrl\":\"https:\\\/\\\/www.in-ura.com\\\/wp-content\\\/uploads\\\/2025\\\/11\\\/imatge-tallada2-1-scaled-1.jpg\",\"width\":2560,\"height\":1240},{\"@type\":\"BreadcrumbList\",\"@id\":\"https:\\\/\\\/www.in-ura.com\\\/nosotros\\\/#breadcrumb\",\"itemListElement\":[{\"@type\":\"ListItem\",\"position\":1,\"name\":\"Portada\",\"item\":\"https:\\\/\\\/www.in-ura.com\\\/\"},{\"@type\":\"ListItem\",\"position\":2,\"name\":\"Nosotros\"}]},{\"@type\":\"WebSite\",\"@id\":\"https:\\\/\\\/www.in-ura.com\\\/#website\",\"url\":\"https:\\\/\\\/www.in-ura.com\\\/\",\"name\":\"INURA - Create, live & Inspire\",\"description\":\"INURA \u2013 Dise\u00f1o, estilo y armon\u00eda para tu espacio en Mallorca\",\"publisher\":{\"@id\":\"https:\\\/\\\/www.in-ura.com\\\/#organization\"},\"potentialAction\":[{\"@type\":\"SearchAction\",\"target\":{\"@type\":\"EntryPoint\",\"urlTemplate\":\"https:\\\/\\\/www.in-ura.com\\\/?s={search_term_string}\"},\"query-input\":{\"@type\":\"PropertyValueSpecification\",\"valueRequired\":true,\"valueName\":\"search_term_string\"}}],\"inLanguage\":\"en-US\"},{\"@type\":\"Organization\",\"@id\":\"https:\\\/\\\/www.in-ura.com\\\/#organization\",\"name\":\"INURA - Create, live & Inspire\",\"url\":\"https:\\\/\\\/www.in-ura.com\\\/\",\"logo\":{\"@type\":\"ImageObject\",\"inLanguage\":\"en-US\",\"@id\":\"https:\\\/\\\/www.in-ura.com\\\/#\\\/schema\\\/logo\\\/image\\\/\",\"url\":\"https:\\\/\\\/www.in-ura.com\\\/inura\\\/wp-content\\\/uploads\\\/2025\\\/11\\\/Mesa-de-trabajo-1@300x-scaled-1.png\",\"contentUrl\":\"https:\\\/\\\/www.in-ura.com\\\/inura\\\/wp-content\\\/uploads\\\/2025\\\/11\\\/Mesa-de-trabajo-1@300x-scaled-1.png\",\"width\":2560,\"height\":1117,\"caption\":\"INURA - Create, live & Inspire\"},\"image\":{\"@id\":\"https:\\\/\\\/www.in-ura.com\\\/#\\\/schema\\\/logo\\\/image\\\/\"},\"sameAs\":[\"https:\\\/\\\/www.instagram.com\\\/inura_design_hub\\\/\"]}]}<\/script>\n<!-- \/ Yoast SEO plugin. -->","yoast_head_json":{"title":"Sobre Nosotros | Inura \u2013 Agencia de Dise\u00f1o en Mallorca","description":"Inura es la agencia de referencia en Espa\u00f1a en dise\u00f1o y lujo. Representamos marcas exclusivas y acompa\u00f1amos a arquitectos e interioristas en proyectos premium.","robots":{"index":"index","follow":"follow","max-snippet":"max-snippet:-1","max-image-preview":"max-image-preview:large","max-video-preview":"max-video-preview:-1"},"canonical":"https:\/\/www.in-ura.com\/en\/nosotros\/","og_locale":"en_US","og_type":"article","og_title":"Sobre Nosotros | Inura \u2013 Agencia de Dise\u00f1o en Mallorca","og_description":"Inura es la agencia de referencia en Espa\u00f1a en dise\u00f1o y lujo. Representamos marcas exclusivas y acompa\u00f1amos a arquitectos e interioristas en proyectos premium.","og_url":"https:\/\/www.in-ura.com\/en\/nosotros\/","og_site_name":"INURA - Create, live &amp; Inspire","article_modified_time":"2025-11-20T15:36:07+00:00","og_image":[{"width":2560,"height":1240,"url":"https:\/\/www.in-ura.com\/wp-content\/uploads\/2025\/11\/imatge-tallada2-1-scaled-1.jpg","type":"image\/jpeg"}],"twitter_card":"summary_large_image","schema":{"@context":"https:\/\/schema.org","@graph":[{"@type":"WebPage","@id":"https:\/\/www.in-ura.com\/nosotros\/","url":"https:\/\/www.in-ura.com\/nosotros\/","name":"Sobre Nosotros | Inura \u2013 Agencia de Dise\u00f1o en Mallorca","isPartOf":{"@id":"https:\/\/www.in-ura.com\/#website"},"primaryImageOfPage":{"@id":"https:\/\/www.in-ura.com\/nosotros\/#primaryimage"},"image":{"@id":"https:\/\/www.in-ura.com\/nosotros\/#primaryimage"},"thumbnailUrl":"https:\/\/www.in-ura.com\/wp-content\/uploads\/2025\/11\/imatge-tallada2-1-scaled-1.jpg","datePublished":"2025-11-07T15:31:11+00:00","dateModified":"2025-11-20T15:36:07+00:00","description":"Inura es la agencia de referencia en Espa\u00f1a en dise\u00f1o y lujo. Representamos marcas exclusivas y acompa\u00f1amos a arquitectos e interioristas en proyectos premium.","breadcrumb":{"@id":"https:\/\/www.in-ura.com\/nosotros\/#breadcrumb"},"inLanguage":"en-US","potentialAction":[{"@type":"ReadAction","target":["https:\/\/www.in-ura.com\/nosotros\/"]}]},{"@type":"ImageObject","inLanguage":"en-US","@id":"https:\/\/www.in-ura.com\/nosotros\/#primaryimage","url":"https:\/\/www.in-ura.com\/wp-content\/uploads\/2025\/11\/imatge-tallada2-1-scaled-1.jpg","contentUrl":"https:\/\/www.in-ura.com\/wp-content\/uploads\/2025\/11\/imatge-tallada2-1-scaled-1.jpg","width":2560,"height":1240},{"@type":"BreadcrumbList","@id":"https:\/\/www.in-ura.com\/nosotros\/#breadcrumb","itemListElement":[{"@type":"ListItem","position":1,"name":"Portada","item":"https:\/\/www.in-ura.com\/"},{"@type":"ListItem","position":2,"name":"Nosotros"}]},{"@type":"WebSite","@id":"https:\/\/www.in-ura.com\/#website","url":"https:\/\/www.in-ura.com\/","name":"INURA - Create, live & Inspire","description":"INURA \u2013 Dise\u00f1o, estilo y armon\u00eda para tu espacio en Mallorca","publisher":{"@id":"https:\/\/www.in-ura.com\/#organization"},"potentialAction":[{"@type":"SearchAction","target":{"@type":"EntryPoint","urlTemplate":"https:\/\/www.in-ura.com\/?s={search_term_string}"},"query-input":{"@type":"PropertyValueSpecification","valueRequired":true,"valueName":"search_term_string"}}],"inLanguage":"en-US"},{"@type":"Organization","@id":"https:\/\/www.in-ura.com\/#organization","name":"INURA - Create, live & Inspire","url":"https:\/\/www.in-ura.com\/","logo":{"@type":"ImageObject","inLanguage":"en-US","@id":"https:\/\/www.in-ura.com\/#\/schema\/logo\/image\/","url":"https:\/\/www.in-ura.com\/inura\/wp-content\/uploads\/2025\/11\/Mesa-de-trabajo-1@300x-scaled-1.png","contentUrl":"https:\/\/www.in-ura.com\/inura\/wp-content\/uploads\/2025\/11\/Mesa-de-trabajo-1@300x-scaled-1.png","width":2560,"height":1117,"caption":"INURA - Create, live & Inspire"},"image":{"@id":"https:\/\/www.in-ura.com\/#\/schema\/logo\/image\/"},"sameAs":["https:\/\/www.instagram.com\/inura_design_hub\/"]}]}},"_links":{"self":[{"href":"https:\/\/www.in-ura.com\/en\/wp-json\/wp\/v2\/pages\/2021","targetHints":{"allow":["GET"]}}],"collection":[{"href":"https:\/\/www.in-ura.com\/en\/wp-json\/wp\/v2\/pages"}],"about":[{"href":"https:\/\/www.in-ura.com\/en\/wp-json\/wp\/v2\/types\/page"}],"author":[{"embeddable":true,"href":"https:\/\/www.in-ura.com\/en\/wp-json\/wp\/v2\/users\/1"}],"replies":[{"embeddable":true,"href":"https:\/\/www.in-ura.com\/en\/wp-json\/wp\/v2\/comments?post=2021"}],"version-history":[{"count":14,"href":"https:\/\/www.in-ura.com\/en\/wp-json\/wp\/v2\/pages\/2021\/revisions"}],"predecessor-version":[{"id":2281,"href":"https:\/\/www.in-ura.com\/en\/wp-json\/wp\/v2\/pages\/2021\/revisions\/2281"}],"wp:featuredmedia":[{"embeddable":true,"href":"https:\/\/www.in-ura.com\/en\/wp-json\/wp\/v2\/media\/2023"}],"wp:attachment":[{"href":"https:\/\/www.in-ura.com\/en\/wp-json\/wp\/v2\/media?parent=2021"}],"curies":[{"name":"wp","href":"https:\/\/api.w.org\/{rel}","templated":true}]}}